{"id":71,"date":"2025-07-21T14:23:50","date_gmt":"2025-07-21T17:23:50","guid":{"rendered":"https:\/\/www.arcosdorados.com\/pt\/?page_id=71"},"modified":"2025-07-22T15:49:42","modified_gmt":"2025-07-22T18:49:42","slug":"mudancas-climaticas","status":"publish","type":"page","link":"https:\/\/www.arcosdorados.com\/pt\/receitadofuturo\/mudancas-climaticas\/","title":{"rendered":"Mudan\u00e7as clim\u00e1ticas"},"content":{"rendered":"\t\t<div data-elementor-type=\"wp-page\" data-elementor-id=\"71\" class=\"elementor elementor-71\">\n\t\t\t\t\t\t<section class=\"elementor-section elementor-top-section elementor-element elementor-element-5ce95477 elementor-section-boxed elementor-section-height-default elementor-section-height-default\" data-id=\"5ce95477\" data-element_type=\"section\" data-e-type=\"section\">\n\t\t\t\t\t\t<div class=\"elementor-container elementor-column-gap-default\">\n\t\t\t\t\t<div class=\"elementor-column elementor-col-100 elementor-top-column elementor-element elementor-element-12ea0121\" data-id=\"12ea0121\" data-element_type=\"column\" data-e-type=\"column\">\n\t\t\t<div class=\"elementor-widget-wrap elementor-element-populated\">\n\t\t\t\t\t\t<div class=\"elementor-element elementor-element-4f44ed15 titulo2025 elementor-widget elementor-widget-heading\" data-id=\"4f44ed15\" data-element_type=\"widget\" data-e-type=\"widget\" data-widget_type=\"heading.default\">\n\t\t\t\t<div class=\"elementor-widget-container\">\n\t\t\t\t\t<h2 class=\"elementor-heading-title elementor-size-default\"><span>Mudan\u00e7as clim\u00e1ticas<\/span><\/h2>\t\t\t\t<\/div>\n\t\t\t\t<\/div>\n\t\t\t\t<div class=\"elementor-element elementor-element-8438529 elementor-hidden-mobile elementor-widget elementor-widget-image\" data-id=\"8438529\" data-element_type=\"widget\" data-e-type=\"widget\" data-widget_type=\"image.default\">\n\t\t\t\t<div class=\"elementor-widget-container\">\n\t\t\t\t\t\t\t\t\t\t\t\t\t\t\t<img fetchpriority=\"high\" decoding=\"async\" width=\"1140\" height=\"372\" src=\"https:\/\/www.arcosdorados.com\/pt\/wp-content\/uploads\/sites\/2\/2025\/07\/Banner-Cambio-climatico-1-1.jpg\" class=\"attachment-full size-full wp-image-18689\" alt=\"\" \/>\t\t\t\t\t\t\t\t\t\t\t\t\t\t\t<\/div>\n\t\t\t\t<\/div>\n\t\t\t\t<div class=\"elementor-element elementor-element-31d64017 elementor-hidden-desktop elementor-hidden-tablet elementor-widget elementor-widget-image\" data-id=\"31d64017\" data-element_type=\"widget\" data-e-type=\"widget\" data-widget_type=\"image.default\">\n\t\t\t\t<div class=\"elementor-widget-container\">\n\t\t\t\t\t\t\t\t\t\t\t\t\t\t\t<img decoding=\"async\" width=\"832\" height=\"468\" src=\"https:\/\/www.arcosdorados.com\/pt\/wp-content\/uploads\/sites\/2\/2025\/07\/CC-1.jpg\" class=\"attachment-full size-full wp-image-18690\" alt=\"\" \/>\t\t\t\t\t\t\t\t\t\t\t\t\t\t\t<\/div>\n\t\t\t\t<\/div>\n\t\t\t\t<div class=\"elementor-element elementor-element-5927e3ff frase elementor-widget elementor-widget-heading\" data-id=\"5927e3ff\" data-element_type=\"widget\" data-e-type=\"widget\" data-widget_type=\"heading.default\">\n\t\t\t\t<div class=\"elementor-widget-container\">\n\t\t\t\t\t<h2 class=\"elementor-heading-title elementor-size-default\">Promovemos o uso de energias renov\u00e1veis e o consumo respons\u00e1vel dos recursos para minimizar nossa pegada de carbono.<\/h2>\t\t\t\t<\/div>\n\t\t\t\t<\/div>\n\t\t\t\t\t<\/div>\n\t\t<\/div>\n\t\t\t\t\t<\/div>\n\t\t<\/section>\n\t\t\t\t<section class=\"elementor-section elementor-top-section elementor-element elementor-element-56d73e7b detresados elementor-section-boxed elementor-section-height-default elementor-section-height-default\" data-id=\"56d73e7b\" data-element_type=\"section\" data-e-type=\"section\">\n\t\t\t\t\t\t<div class=\"elementor-container elementor-column-gap-default\">\n\t\t\t\t\t<div class=\"elementor-column elementor-col-33 elementor-top-column elementor-element elementor-element-4e9ca6a2\" data-id=\"4e9ca6a2\" data-element_type=\"column\" data-e-type=\"column\">\n\t\t\t<div class=\"elementor-widget-wrap elementor-element-populated\">\n\t\t\t\t\t\t<div class=\"elementor-element elementor-element-189e8e91 elementor-widget elementor-widget-image\" data-id=\"189e8e91\" data-element_type=\"widget\" data-e-type=\"widget\" data-widget_type=\"image.default\">\n\t\t\t\t<div class=\"elementor-widget-container\">\n\t\t\t\t\t\t\t\t\t\t\t\t\t\t\t<img decoding=\"async\" width=\"900\" height=\"900\" src=\"https:\/\/www.arcosdorados.com\/pt\/wp-content\/uploads\/sites\/2\/2025\/07\/Restaurantes-Sostenibles-1024x1024-2.jpg\" class=\"attachment-large size-large wp-image-18692\" alt=\"\" \/>\t\t\t\t\t\t\t\t\t\t\t\t\t\t\t<\/div>\n\t\t\t\t<\/div>\n\t\t\t\t<div class=\"elementor-element elementor-element-75619506 elementor-widget elementor-widget-heading\" data-id=\"75619506\" data-element_type=\"widget\" data-e-type=\"widget\" data-widget_type=\"heading.default\">\n\t\t\t\t<div class=\"elementor-widget-container\">\n\t\t\t\t\t<h3 class=\"elementor-heading-title elementor-size-default\">Restaurantes sustent\u00e1veis<\/h3>\t\t\t\t<\/div>\n\t\t\t\t<\/div>\n\t\t\t\t<div class=\"elementor-element elementor-element-243b8643 elementor-widget elementor-widget-text-editor\" data-id=\"243b8643\" data-element_type=\"widget\" data-e-type=\"widget\" data-widget_type=\"text-editor.default\">\n\t\t\t\t<div class=\"elementor-widget-container\">\n\t\t\t\t\t\t\t\t\t<p>Nossos restaurantes s\u00e3o constru\u00eddos com foco na redu\u00e7\u00e3o do impacto ambiental, priorizando a otimiza\u00e7\u00e3o dos recursos e promovendo a economia circular.<\/p>\t\t\t\t\t\t\t\t<\/div>\n\t\t\t\t<\/div>\n\t\t\t\t<div class=\"elementor-element elementor-element-4a4d2a89 elementor-widget elementor-widget-button\" data-id=\"4a4d2a89\" data-element_type=\"widget\" data-e-type=\"widget\" data-widget_type=\"button.default\">\n\t\t\t\t<div class=\"elementor-widget-container\">\n\t\t\t\t\t\t\t\t\t<div class=\"elementor-button-wrapper\">\n\t\t\t\t\t<a class=\"elementor-button elementor-button-link elementor-size-sm\" href=\"https:\/\/www.arcosdorados.com\/pt\/wp-content\/uploads\/sites\/2\/2025\/07\/AD_2024_POR.pdf#page=65\" target=\"_blank\">\n\t\t\t\t\t\t<span class=\"elementor-button-content-wrapper\">\n\t\t\t\t\t\t\t\t\t<span class=\"elementor-button-text\">Saiba mais<\/span>\n\t\t\t\t\t<\/span>\n\t\t\t\t\t<\/a>\n\t\t\t\t<\/div>\n\t\t\t\t\t\t\t\t<\/div>\n\t\t\t\t<\/div>\n\t\t\t\t\t<\/div>\n\t\t<\/div>\n\t\t\t\t<div class=\"elementor-column elementor-col-33 elementor-top-column elementor-element elementor-element-2695caa3\" data-id=\"2695caa3\" data-element_type=\"column\" data-e-type=\"column\">\n\t\t\t<div class=\"elementor-widget-wrap elementor-element-populated\">\n\t\t\t\t\t\t<div class=\"elementor-element elementor-element-71eb8757 elementor-widget elementor-widget-image\" data-id=\"71eb8757\" data-element_type=\"widget\" data-e-type=\"widget\" data-widget_type=\"image.default\">\n\t\t\t\t<div class=\"elementor-widget-container\">\n\t\t\t\t\t\t\t\t\t\t\t\t\t\t\t<img loading=\"lazy\" decoding=\"async\" width=\"900\" height=\"900\" src=\"https:\/\/www.arcosdorados.com\/pt\/wp-content\/uploads\/sites\/2\/2025\/07\/SLB2-1024x1024-3.jpg\" class=\"attachment-large size-large wp-image-18693\" alt=\"\" \/>\t\t\t\t\t\t\t\t\t\t\t\t\t\t\t<\/div>\n\t\t\t\t<\/div>\n\t\t\t\t<div class=\"elementor-element elementor-element-5c00d40e elementor-widget elementor-widget-heading\" data-id=\"5c00d40e\" data-element_type=\"widget\" data-e-type=\"widget\" data-widget_type=\"heading.default\">\n\t\t\t\t<div class=\"elementor-widget-container\">\n\t\t\t\t\t<h3 class=\"elementor-heading-title elementor-size-default\">Rumo a uma pegada de carbono menor<\/h3>\t\t\t\t<\/div>\n\t\t\t\t<\/div>\n\t\t\t\t<div class=\"elementor-element elementor-element-446aa25a elementor-widget elementor-widget-text-editor\" data-id=\"446aa25a\" data-element_type=\"widget\" data-e-type=\"widget\" data-widget_type=\"text-editor.default\">\n\t\t\t\t<div class=\"elementor-widget-container\">\n\t\t\t\t\t\t\t\t\t<p>Estamos comprometidos com a redu\u00e7\u00e3o da pegada de carbono, n\u00e3o s\u00f3 em nossa opera\u00e7\u00e3o, mas em toda a nossa cadeia de fornecimento. Trabalhamos junto aos nossos fornecedores para fomentar o uso de energias renov\u00e1veis e a ado\u00e7\u00e3o de pr\u00e1ticas sustent\u00e1veis.<\/p>\t\t\t\t\t\t\t\t<\/div>\n\t\t\t\t<\/div>\n\t\t\t\t<div class=\"elementor-element elementor-element-2be16e29 elementor-widget elementor-widget-button\" data-id=\"2be16e29\" data-element_type=\"widget\" data-e-type=\"widget\" data-widget_type=\"button.default\">\n\t\t\t\t<div class=\"elementor-widget-container\">\n\t\t\t\t\t\t\t\t\t<div class=\"elementor-button-wrapper\">\n\t\t\t\t\t<a class=\"elementor-button elementor-button-link elementor-size-sm\" href=\"https:\/\/www.arcosdorados.com\/pt\/wp-content\/uploads\/sites\/2\/2025\/07\/AD_2024_POR.pdf#page=60\" target=\"_blank\">\n\t\t\t\t\t\t<span class=\"elementor-button-content-wrapper\">\n\t\t\t\t\t\t\t\t\t<span class=\"elementor-button-text\">Saiba mais<\/span>\n\t\t\t\t\t<\/span>\n\t\t\t\t\t<\/a>\n\t\t\t\t<\/div>\n\t\t\t\t\t\t\t\t<\/div>\n\t\t\t\t<\/div>\n\t\t\t\t\t<\/div>\n\t\t<\/div>\n\t\t\t\t<div class=\"elementor-column elementor-col-33 elementor-top-column elementor-element elementor-element-70049d72\" data-id=\"70049d72\" data-element_type=\"column\" data-e-type=\"column\">\n\t\t\t<div class=\"elementor-widget-wrap elementor-element-populated\">\n\t\t\t\t\t\t<div class=\"elementor-element elementor-element-706fe1cc elementor-widget elementor-widget-image\" data-id=\"706fe1cc\" data-element_type=\"widget\" data-e-type=\"widget\" data-widget_type=\"image.default\">\n\t\t\t\t<div class=\"elementor-widget-container\">\n\t\t\t\t\t\t\t\t\t\t\t\t\t\t\t<img loading=\"lazy\" decoding=\"async\" width=\"900\" height=\"900\" src=\"https:\/\/www.arcosdorados.com\/pt\/wp-content\/uploads\/sites\/2\/2025\/07\/Eliminacion-de-plasticos-1024x1024-2.jpg\" class=\"attachment-large size-large wp-image-18691\" alt=\"\" \/>\t\t\t\t\t\t\t\t\t\t\t\t\t\t\t<\/div>\n\t\t\t\t<\/div>\n\t\t\t\t<div class=\"elementor-element elementor-element-275e2f66 elementor-widget elementor-widget-heading\" data-id=\"275e2f66\" data-element_type=\"widget\" data-e-type=\"widget\" data-widget_type=\"heading.default\">\n\t\t\t\t<div class=\"elementor-widget-container\">\n\t\t\t\t\t<h3 class=\"elementor-heading-title elementor-size-default\">Eliminamos os pl\u00e1sticos de uso \u00fanico<\/h3>\t\t\t\t<\/div>\n\t\t\t\t<\/div>\n\t\t\t\t<div class=\"elementor-element elementor-element-71795027 elementor-widget elementor-widget-text-editor\" data-id=\"71795027\" data-element_type=\"widget\" data-e-type=\"widget\" data-widget_type=\"text-editor.default\">\n\t\t\t\t<div class=\"elementor-widget-container\">\n\t\t\t\t\t\t\t\t\t<p>Trabalhamos para limitar ao m\u00e1ximo os pl\u00e1sticos de uso \u00fanico, mantendo a alta qualidade das nossas embalagens. Al\u00e9m disso, inovamos no design para reduzir a quantidade de materiais e promovemos a reciclagem.<\/p>\t\t\t\t\t\t\t\t<\/div>\n\t\t\t\t<\/div>\n\t\t\t\t<div class=\"elementor-element elementor-element-3f2efc97 elementor-widget elementor-widget-button\" data-id=\"3f2efc97\" data-element_type=\"widget\" data-e-type=\"widget\" data-widget_type=\"button.default\">\n\t\t\t\t<div class=\"elementor-widget-container\">\n\t\t\t\t\t\t\t\t\t<div class=\"elementor-button-wrapper\">\n\t\t\t\t\t<a class=\"elementor-button elementor-button-link elementor-size-sm\" href=\"https:\/\/www.arcosdorados.com\/pt\/wp-content\/uploads\/sites\/2\/2025\/07\/AD_2024_POR.pdf#page=69\" target=\"_blank\">\n\t\t\t\t\t\t<span class=\"elementor-button-content-wrapper\">\n\t\t\t\t\t\t\t\t\t<span class=\"elementor-button-text\">Saiba mais<\/span>\n\t\t\t\t\t<\/span>\n\t\t\t\t\t<\/a>\n\t\t\t\t<\/div>\n\t\t\t\t\t\t\t\t<\/div>\n\t\t\t\t<\/div>\n\t\t\t\t\t<\/div>\n\t\t<\/div>\n\t\t\t\t\t<\/div>\n\t\t<\/section>\n\t\t\t\t<section class=\"elementor-section elementor-top-section elementor-element elementor-element-78366edc elementor-section-boxed elementor-section-height-default elementor-section-height-default\" data-id=\"78366edc\" data-element_type=\"section\" data-e-type=\"section\">\n\t\t\t\t\t\t<div class=\"elementor-container elementor-column-gap-default\">\n\t\t\t\t\t<div class=\"elementor-column elementor-col-100 elementor-top-column elementor-element elementor-element-37ff1830\" data-id=\"37ff1830\" data-element_type=\"column\" data-e-type=\"column\">\n\t\t\t<div class=\"elementor-widget-wrap elementor-element-populated\">\n\t\t\t\t\t\t<div class=\"elementor-element elementor-element-1e65187 pilarresaltado elementor-widget elementor-widget-heading\" data-id=\"1e65187\" data-element_type=\"widget\" data-e-type=\"widget\" data-widget_type=\"heading.default\">\n\t\t\t\t<div class=\"elementor-widget-container\">\n\t\t\t\t\t<h3 class=\"elementor-heading-title elementor-size-default\">Desde 2017, reduzimos <span>+3.300 toneladas<\/span> de pl\u00e1stico de uso \u00fanico em nossa opera\u00e7\u00e3o.<\/h3>\t\t\t\t<\/div>\n\t\t\t\t<\/div>\n\t\t\t\t\t<\/div>\n\t\t<\/div>\n\t\t\t\t\t<\/div>\n\t\t<\/section>\n\t\t\t\t<\/div>\n\t\t","protected":false},"excerpt":{"rendered":"<p>Mudan\u00e7as clim\u00e1ticas Promovemos o uso de energias renov\u00e1veis e o consumo respons\u00e1vel dos recursos para minimizar nossa pegada de carbono. Restaurantes sustent\u00e1veis Nossos restaurantes s\u00e3o constru\u00eddos com foco na redu\u00e7\u00e3o do impacto ambiental, priorizando a otimiza\u00e7\u00e3o dos recursos e promovendo a economia circular. Saiba mais Rumo a uma pegada de carbono menor Estamos comprometidos com [&hellip;]<\/p>\n","protected":false},"author":1,"featured_media":0,"parent":18,"menu_order":0,"comment_status":"closed","ping_status":"closed","template":"","meta":{"footnotes":""},"class_list":["post-71","page","type-page","status-publish","hentry"],"_links":{"self":[{"href":"https:\/\/www.arcosdorados.com\/pt\/wp-json\/wp\/v2\/pages\/71","targetHints":{"allow":["GET"]}}],"collection":[{"href":"https:\/\/www.arcosdorados.com\/pt\/wp-json\/wp\/v2\/pages"}],"about":[{"href":"https:\/\/www.arcosdorados.com\/pt\/wp-json\/wp\/v2\/types\/page"}],"author":[{"embeddable":true,"href":"https:\/\/www.arcosdorados.com\/pt\/wp-json\/wp\/v2\/users\/1"}],"replies":[{"embeddable":true,"href":"https:\/\/www.arcosdorados.com\/pt\/wp-json\/wp\/v2\/comments?post=71"}],"version-history":[{"count":7,"href":"https:\/\/www.arcosdorados.com\/pt\/wp-json\/wp\/v2\/pages\/71\/revisions"}],"predecessor-version":[{"id":18696,"href":"https:\/\/www.arcosdorados.com\/pt\/wp-json\/wp\/v2\/pages\/71\/revisions\/18696"}],"up":[{"embeddable":true,"href":"https:\/\/www.arcosdorados.com\/pt\/wp-json\/wp\/v2\/pages\/18"}],"wp:attachment":[{"href":"https:\/\/www.arcosdorados.com\/pt\/wp-json\/wp\/v2\/media?parent=71"}],"curies":[{"name":"wp","href":"https:\/\/api.w.org\/{rel}","templated":true}]}}