{"id":75,"date":"2025-07-21T14:24:21","date_gmt":"2025-07-21T17:24:21","guid":{"rendered":"https:\/\/www.arcosdorados.com\/pt\/?page_id=75"},"modified":"2025-07-22T15:49:06","modified_gmt":"2025-07-22T18:49:06","slug":"abastecimento-sustentavel","status":"publish","type":"page","link":"https:\/\/www.arcosdorados.com\/pt\/receitadofuturo\/abastecimento-sustentavel\/","title":{"rendered":"Abastecimento\u00a0sustent\u00e1vel"},"content":{"rendered":"\t\t<div data-elementor-type=\"wp-page\" data-elementor-id=\"75\" class=\"elementor elementor-75\">\n\t\t\t\t\t\t<section class=\"elementor-section elementor-top-section elementor-element elementor-element-87f220f elementor-section-boxed elementor-section-height-default elementor-section-height-default\" data-id=\"87f220f\" data-element_type=\"section\" data-e-type=\"section\">\n\t\t\t\t\t\t<div class=\"elementor-container elementor-column-gap-default\">\n\t\t\t\t\t<div class=\"elementor-column elementor-col-100 elementor-top-column elementor-element elementor-element-358ca763\" data-id=\"358ca763\" data-element_type=\"column\" data-e-type=\"column\">\n\t\t\t<div class=\"elementor-widget-wrap elementor-element-populated\">\n\t\t\t\t\t\t<div class=\"elementor-element elementor-element-788dca75 titulo2025 elementor-widget elementor-widget-heading\" data-id=\"788dca75\" data-element_type=\"widget\" data-e-type=\"widget\" data-widget_type=\"heading.default\">\n\t\t\t\t<div class=\"elementor-widget-container\">\n\t\t\t\t\t<h2 class=\"elementor-heading-title elementor-size-default\">Abastecimento <span>sustent\u00e1vel<\/span><\/h2>\t\t\t\t<\/div>\n\t\t\t\t<\/div>\n\t\t\t\t<div class=\"elementor-element elementor-element-5b55c613 elementor-hidden-mobile elementor-widget elementor-widget-image\" data-id=\"5b55c613\" data-element_type=\"widget\" data-e-type=\"widget\" data-widget_type=\"image.default\">\n\t\t\t\t<div class=\"elementor-widget-container\">\n\t\t\t\t\t\t\t\t\t\t\t\t\t\t\t<img fetchpriority=\"high\" decoding=\"async\" width=\"1140\" height=\"372\" src=\"https:\/\/www.arcosdorados.com\/pt\/wp-content\/uploads\/sites\/2\/2025\/07\/Banner-Abastecimiento-Sustentable-1-1.jpg\" class=\"attachment-full size-full wp-image-18710\" alt=\"\" \/>\t\t\t\t\t\t\t\t\t\t\t\t\t\t\t<\/div>\n\t\t\t\t<\/div>\n\t\t\t\t<div class=\"elementor-element elementor-element-416127b0 elementor-hidden-desktop elementor-hidden-tablet elementor-widget elementor-widget-image\" data-id=\"416127b0\" data-element_type=\"widget\" data-e-type=\"widget\" data-widget_type=\"image.default\">\n\t\t\t\t<div class=\"elementor-widget-container\">\n\t\t\t\t\t\t\t\t\t\t\t\t\t\t\t<img decoding=\"async\" width=\"832\" height=\"468\" src=\"https:\/\/www.arcosdorados.com\/pt\/wp-content\/uploads\/sites\/2\/2025\/07\/AS-1.jpg\" class=\"attachment-full size-full wp-image-18709\" alt=\"\" \/>\t\t\t\t\t\t\t\t\t\t\t\t\t\t\t<\/div>\n\t\t\t\t<\/div>\n\t\t\t\t<div class=\"elementor-element elementor-element-32c794ea frase elementor-widget elementor-widget-heading\" data-id=\"32c794ea\" data-element_type=\"widget\" data-e-type=\"widget\" data-widget_type=\"heading.default\">\n\t\t\t\t<div class=\"elementor-widget-container\">\n\t\t\t\t\t<h2 class=\"elementor-heading-title elementor-size-default\">Adotamos pr\u00e1ticas de abastecimento sustent\u00e1vel, garantindo produtos de qualidade ao mesmo tempo em que cuidamos do meio ambiente, do bem-estar animal e em que impulsionamos a produ\u00e7\u00e3o local.<\/h2>\t\t\t\t<\/div>\n\t\t\t\t<\/div>\n\t\t\t\t\t<\/div>\n\t\t<\/div>\n\t\t\t\t\t<\/div>\n\t\t<\/section>\n\t\t\t\t<section class=\"elementor-section elementor-top-section elementor-element elementor-element-68598cd4 detresados elementor-section-boxed elementor-section-height-default elementor-section-height-default\" data-id=\"68598cd4\" data-element_type=\"section\" data-e-type=\"section\">\n\t\t\t\t\t\t<div class=\"elementor-container elementor-column-gap-default\">\n\t\t\t\t\t<div class=\"elementor-column elementor-col-33 elementor-top-column elementor-element elementor-element-6f319512\" data-id=\"6f319512\" data-element_type=\"column\" data-e-type=\"column\">\n\t\t\t<div class=\"elementor-widget-wrap elementor-element-populated\">\n\t\t\t\t\t\t<div class=\"elementor-element elementor-element-17945ae elementor-widget elementor-widget-image\" data-id=\"17945ae\" data-element_type=\"widget\" data-e-type=\"widget\" data-widget_type=\"image.default\">\n\t\t\t\t<div class=\"elementor-widget-container\">\n\t\t\t\t\t\t\t\t\t\t\t\t\t\t\t<img decoding=\"async\" width=\"900\" height=\"900\" src=\"https:\/\/www.arcosdorados.com\/pt\/wp-content\/uploads\/sites\/2\/2025\/07\/vaca-nueva-1.jpg\" class=\"attachment-large size-large wp-image-18713\" alt=\"\" \/>\t\t\t\t\t\t\t\t\t\t\t\t\t\t\t<\/div>\n\t\t\t\t<\/div>\n\t\t\t\t<div class=\"elementor-element elementor-element-6a694d2a elementor-widget elementor-widget-heading\" data-id=\"6a694d2a\" data-element_type=\"widget\" data-e-type=\"widget\" data-widget_type=\"heading.default\">\n\t\t\t\t<div class=\"elementor-widget-container\">\n\t\t\t\t\t<h3 class=\"elementor-heading-title elementor-size-default\">Somos l\u00edderes em carne sustent\u00e1vel<\/h3>\t\t\t\t<\/div>\n\t\t\t\t<\/div>\n\t\t\t\t<div class=\"elementor-element elementor-element-99dac57 elementor-widget elementor-widget-text-editor\" data-id=\"99dac57\" data-element_type=\"widget\" data-e-type=\"widget\" data-widget_type=\"text-editor.default\">\n\t\t\t\t<div class=\"elementor-widget-container\">\n\t\t\t\t\t\t\t\t\t<p>Junto aos nossos fornecedores e especialistas da ind\u00fastria pecu\u00e1ria, lideramos a implementa\u00e7\u00e3o de pr\u00e1ticas de produ\u00e7\u00e3o mais sustent\u00e1veis, protegendo o meio ambiente e o bem-estar animal.<\/p>\t\t\t\t\t\t\t\t<\/div>\n\t\t\t\t<\/div>\n\t\t\t\t<div class=\"elementor-element elementor-element-424540c2 elementor-hidden-mobile elementor-widget elementor-widget-button\" data-id=\"424540c2\" data-element_type=\"widget\" data-e-type=\"widget\" data-widget_type=\"button.default\">\n\t\t\t\t<div class=\"elementor-widget-container\">\n\t\t\t\t\t\t\t\t\t<div class=\"elementor-button-wrapper\">\n\t\t\t\t\t<a class=\"elementor-button elementor-button-link elementor-size-sm\" href=\"https:\/\/www.arcosdorados.com\/pt\/wp-content\/uploads\/sites\/2\/2025\/07\/AD_2024_POR.pdf#page=35\" target=\"_blank\">\n\t\t\t\t\t\t<span class=\"elementor-button-content-wrapper\">\n\t\t\t\t\t\t\t\t\t<span class=\"elementor-button-text\">Saiba mais<\/span>\n\t\t\t\t\t<\/span>\n\t\t\t\t\t<\/a>\n\t\t\t\t<\/div>\n\t\t\t\t\t\t\t\t<\/div>\n\t\t\t\t<\/div>\n\t\t\t\t<div class=\"elementor-element elementor-element-2fc6bab4 elementor-hidden-desktop elementor-hidden-tablet elementor-widget elementor-widget-button\" data-id=\"2fc6bab4\" data-element_type=\"widget\" data-e-type=\"widget\" data-widget_type=\"button.default\">\n\t\t\t\t<div class=\"elementor-widget-container\">\n\t\t\t\t\t\t\t\t\t<div class=\"elementor-button-wrapper\">\n\t\t\t\t\t<a class=\"elementor-button elementor-button-link elementor-size-sm\" href=\"http:\/\/arcosdorados.com\/reporte\/#reporte34\" target=\"_blank\">\n\t\t\t\t\t\t<span class=\"elementor-button-content-wrapper\">\n\t\t\t\t\t\t\t\t\t<span class=\"elementor-button-text\">Conoce m\u00e1s<\/span>\n\t\t\t\t\t<\/span>\n\t\t\t\t\t<\/a>\n\t\t\t\t<\/div>\n\t\t\t\t\t\t\t\t<\/div>\n\t\t\t\t<\/div>\n\t\t\t\t\t<\/div>\n\t\t<\/div>\n\t\t\t\t<div class=\"elementor-column elementor-col-33 elementor-top-column elementor-element elementor-element-1cd1b193\" data-id=\"1cd1b193\" data-element_type=\"column\" data-e-type=\"column\">\n\t\t\t<div class=\"elementor-widget-wrap elementor-element-populated\">\n\t\t\t\t\t\t<div class=\"elementor-element elementor-element-5f2608bf elementor-widget elementor-widget-image\" data-id=\"5f2608bf\" data-element_type=\"widget\" data-e-type=\"widget\" data-widget_type=\"image.default\">\n\t\t\t\t<div class=\"elementor-widget-container\">\n\t\t\t\t\t\t\t\t\t\t\t\t\t\t\t<img loading=\"lazy\" decoding=\"async\" width=\"900\" height=\"900\" src=\"https:\/\/www.arcosdorados.com\/pt\/wp-content\/uploads\/sites\/2\/2025\/07\/Bosques-Receta-1024x1024-1.png\" class=\"attachment-large size-large wp-image-18711\" alt=\"\" \/>\t\t\t\t\t\t\t\t\t\t\t\t\t\t\t<\/div>\n\t\t\t\t<\/div>\n\t\t\t\t<div class=\"elementor-element elementor-element-29ff0183 elementor-widget elementor-widget-heading\" data-id=\"29ff0183\" data-element_type=\"widget\" data-e-type=\"widget\" data-widget_type=\"heading.default\">\n\t\t\t\t<div class=\"elementor-widget-container\">\n\t\t\t\t\t<h3 class=\"elementor-heading-title elementor-size-default\">Promovemos a preserva\u00e7\u00e3o das florestas<\/h3>\t\t\t\t<\/div>\n\t\t\t\t<\/div>\n\t\t\t\t<div class=\"elementor-element elementor-element-495e5ef7 elementor-widget elementor-widget-text-editor\" data-id=\"495e5ef7\" data-element_type=\"widget\" data-e-type=\"widget\" data-widget_type=\"text-editor.default\">\n\t\t\t\t<div class=\"elementor-widget-container\">\n\t\t\t\t\t\t\t\t\t<p>Somos a \u00fanica empresa do setor com uma Pol\u00edtica de Abastecimento de Carne Livre de Desmatamento. Trabalhamos continuamente para garantir mat\u00e9rias-primas de fontes respons\u00e1veis. Atualmente, 99,6% da carne proveniente da Argentina e do Brasil cumpre essa pol\u00edtica.<\/p>\t\t\t\t\t\t\t\t<\/div>\n\t\t\t\t<\/div>\n\t\t\t\t<div class=\"elementor-element elementor-element-39b4f6ef elementor-widget elementor-widget-button\" data-id=\"39b4f6ef\" data-element_type=\"widget\" data-e-type=\"widget\" data-widget_type=\"button.default\">\n\t\t\t\t<div class=\"elementor-widget-container\">\n\t\t\t\t\t\t\t\t\t<div class=\"elementor-button-wrapper\">\n\t\t\t\t\t<a class=\"elementor-button elementor-button-link elementor-size-sm\" href=\"https:\/\/www.arcosdorados.com\/pt\/wp-content\/uploads\/sites\/2\/2025\/07\/AD_2024_POR.pdf#page=38\" target=\"_blank\">\n\t\t\t\t\t\t<span class=\"elementor-button-content-wrapper\">\n\t\t\t\t\t\t\t\t\t<span class=\"elementor-button-text\">Saiba mais<\/span>\n\t\t\t\t\t<\/span>\n\t\t\t\t\t<\/a>\n\t\t\t\t<\/div>\n\t\t\t\t\t\t\t\t<\/div>\n\t\t\t\t<\/div>\n\t\t\t\t\t<\/div>\n\t\t<\/div>\n\t\t\t\t<div class=\"elementor-column elementor-col-33 elementor-top-column elementor-element elementor-element-6b1e99c9\" data-id=\"6b1e99c9\" data-element_type=\"column\" data-e-type=\"column\">\n\t\t\t<div class=\"elementor-widget-wrap elementor-element-populated\">\n\t\t\t\t\t\t<div class=\"elementor-element elementor-element-48ca3650 elementor-widget elementor-widget-image\" data-id=\"48ca3650\" data-element_type=\"widget\" data-e-type=\"widget\" data-widget_type=\"image.default\">\n\t\t\t\t<div class=\"elementor-widget-container\">\n\t\t\t\t\t\t\t\t\t\t\t\t\t\t\t<img loading=\"lazy\" decoding=\"async\" width=\"900\" height=\"900\" src=\"https:\/\/www.arcosdorados.com\/pt\/wp-content\/uploads\/sites\/2\/2025\/07\/cubom_58707_Close-up_photograph_of_a_brown_hen_in_the_foregroun_c12ca841-9c53-4bb7-b2de-0df13fae0aea-1.png\" class=\"attachment-large size-large wp-image-18712\" alt=\"\" \/>\t\t\t\t\t\t\t\t\t\t\t\t\t\t\t<\/div>\n\t\t\t\t<\/div>\n\t\t\t\t<div class=\"elementor-element elementor-element-2da71f1e elementor-widget elementor-widget-heading\" data-id=\"2da71f1e\" data-element_type=\"widget\" data-e-type=\"widget\" data-widget_type=\"heading.default\">\n\t\t\t\t<div class=\"elementor-widget-container\">\n\t\t\t\t\t<h3 class=\"elementor-heading-title elementor-size-default\">Comprometidos com o bem-estar animal<\/h3>\t\t\t\t<\/div>\n\t\t\t\t<\/div>\n\t\t\t\t<div class=\"elementor-element elementor-element-6c956302 elementor-widget elementor-widget-text-editor\" data-id=\"6c956302\" data-element_type=\"widget\" data-e-type=\"widget\" data-widget_type=\"text-editor.default\">\n\t\t\t\t<div class=\"elementor-widget-container\">\n\t\t\t\t\t\t\t\t\t<p>Trabalhamos com os nossos fornecedores para garantir os mais altos padr\u00f5es de bem-estar animal. Um dos nossos objetivos para 2025 \u00e9 que 100% dos ovos sejam provenientes de galinhas livres de gaiolas. Atualmente, j\u00e1 alcan\u00e7amos a meta no Brasil, Costa Rica, Equador, Per\u00fa, Porto Rico e Uruguai.<\/p>\t\t\t\t\t\t\t\t<\/div>\n\t\t\t\t<\/div>\n\t\t\t\t<div class=\"elementor-element elementor-element-32102e43 elementor-widget elementor-widget-button\" data-id=\"32102e43\" data-element_type=\"widget\" data-e-type=\"widget\" data-widget_type=\"button.default\">\n\t\t\t\t<div class=\"elementor-widget-container\">\n\t\t\t\t\t\t\t\t\t<div class=\"elementor-button-wrapper\">\n\t\t\t\t\t<a class=\"elementor-button elementor-button-link elementor-size-sm\" href=\"https:\/\/www.arcosdorados.com\/pt\/wp-content\/uploads\/sites\/2\/2025\/07\/AD_2024_POR.pdf#page=37\" target=\"_blank\">\n\t\t\t\t\t\t<span class=\"elementor-button-content-wrapper\">\n\t\t\t\t\t\t\t\t\t<span class=\"elementor-button-text\">Saiba mais<\/span>\n\t\t\t\t\t<\/span>\n\t\t\t\t\t<\/a>\n\t\t\t\t<\/div>\n\t\t\t\t\t\t\t\t<\/div>\n\t\t\t\t<\/div>\n\t\t\t\t\t<\/div>\n\t\t<\/div>\n\t\t\t\t\t<\/div>\n\t\t<\/section>\n\t\t\t\t<section class=\"elementor-section elementor-top-section elementor-element elementor-element-33183477 elementor-section-boxed elementor-section-height-default elementor-section-height-default\" data-id=\"33183477\" data-element_type=\"section\" data-e-type=\"section\">\n\t\t\t\t\t\t<div class=\"elementor-container elementor-column-gap-default\">\n\t\t\t\t\t<div class=\"elementor-column elementor-col-100 elementor-top-column elementor-element elementor-element-6827034e\" data-id=\"6827034e\" data-element_type=\"column\" data-e-type=\"column\">\n\t\t\t<div class=\"elementor-widget-wrap elementor-element-populated\">\n\t\t\t\t\t\t<div class=\"elementor-element elementor-element-5b8c9d74 pilarresaltado datoachequear elementor-widget elementor-widget-heading\" data-id=\"5b8c9d74\" data-element_type=\"widget\" data-e-type=\"widget\" data-widget_type=\"heading.default\">\n\t\t\t\t<div class=\"elementor-widget-container\">\n\t\t\t\t\t<h3 class=\"elementor-heading-title elementor-size-default\"><span>100% dos nossos fornecedores estrat\u00e9gicos<\/span> foram auditados em mat\u00e9ria social e ambiental.<\/h3>\t\t\t\t<\/div>\n\t\t\t\t<\/div>\n\t\t\t\t\t<\/div>\n\t\t<\/div>\n\t\t\t\t\t<\/div>\n\t\t<\/section>\n\t\t\t\t<\/div>\n\t\t","protected":false},"excerpt":{"rendered":"<p>Abastecimento sustent\u00e1vel Adotamos pr\u00e1ticas de abastecimento sustent\u00e1vel, garantindo produtos de qualidade ao mesmo tempo em que cuidamos do meio ambiente, do bem-estar animal e em que impulsionamos a produ\u00e7\u00e3o local. Somos l\u00edderes em carne sustent\u00e1vel Junto aos nossos fornecedores e especialistas da ind\u00fastria pecu\u00e1ria, lideramos a implementa\u00e7\u00e3o de pr\u00e1ticas de produ\u00e7\u00e3o mais sustent\u00e1veis, protegendo o [&hellip;]<\/p>\n","protected":false},"author":1,"featured_media":0,"parent":18,"menu_order":0,"comment_status":"closed","ping_status":"closed","template":"","meta":{"footnotes":""},"class_list":["post-75","page","type-page","status-publish","hentry"],"_links":{"self":[{"href":"https:\/\/www.arcosdorados.com\/pt\/wp-json\/wp\/v2\/pages\/75","targetHints":{"allow":["GET"]}}],"collection":[{"href":"https:\/\/www.arcosdorados.com\/pt\/wp-json\/wp\/v2\/pages"}],"about":[{"href":"https:\/\/www.arcosdorados.com\/pt\/wp-json\/wp\/v2\/types\/page"}],"author":[{"embeddable":true,"href":"https:\/\/www.arcosdorados.com\/pt\/wp-json\/wp\/v2\/users\/1"}],"replies":[{"embeddable":true,"href":"https:\/\/www.arcosdorados.com\/pt\/wp-json\/wp\/v2\/comments?post=75"}],"version-history":[{"count":10,"href":"https:\/\/www.arcosdorados.com\/pt\/wp-json\/wp\/v2\/pages\/75\/revisions"}],"predecessor-version":[{"id":18719,"href":"https:\/\/www.arcosdorados.com\/pt\/wp-json\/wp\/v2\/pages\/75\/revisions\/18719"}],"up":[{"embeddable":true,"href":"https:\/\/www.arcosdorados.com\/pt\/wp-json\/wp\/v2\/pages\/18"}],"wp:attachment":[{"href":"https:\/\/www.arcosdorados.com\/pt\/wp-json\/wp\/v2\/media?parent=75"}],"curies":[{"name":"wp","href":"https:\/\/api.w.org\/{rel}","templated":true}]}}