{"id":77,"date":"2025-07-21T14:24:26","date_gmt":"2025-07-21T17:24:26","guid":{"rendered":"https:\/\/www.arcosdorados.com\/pt\/?page_id=77"},"modified":"2025-07-22T15:49:20","modified_gmt":"2025-07-22T18:49:20","slug":"familia-e-bem-estar","status":"publish","type":"page","link":"https:\/\/www.arcosdorados.com\/pt\/receitadofuturo\/familia-e-bem-estar\/","title":{"rendered":"Fam\u00edlia e bem-estar"},"content":{"rendered":"\t\t<div data-elementor-type=\"wp-page\" data-elementor-id=\"77\" class=\"elementor elementor-77\">\n\t\t\t\t\t\t<section class=\"elementor-section elementor-top-section elementor-element elementor-element-25772267 elementor-section-boxed elementor-section-height-default elementor-section-height-default\" data-id=\"25772267\" data-element_type=\"section\" data-e-type=\"section\">\n\t\t\t\t\t\t<div class=\"elementor-container elementor-column-gap-default\">\n\t\t\t\t\t<div class=\"elementor-column elementor-col-100 elementor-top-column elementor-element elementor-element-788fae52\" data-id=\"788fae52\" data-element_type=\"column\" data-e-type=\"column\">\n\t\t\t<div class=\"elementor-widget-wrap elementor-element-populated\">\n\t\t\t\t\t\t<div class=\"elementor-element elementor-element-475b0a0c titulo2025 elementor-widget elementor-widget-heading\" data-id=\"475b0a0c\" data-element_type=\"widget\" data-e-type=\"widget\" data-widget_type=\"heading.default\">\n\t\t\t\t<div class=\"elementor-widget-container\">\n\t\t\t\t\t<h2 class=\"elementor-heading-title elementor-size-default\"><span>Fam\u00edlia e bem-estar<\/span><\/h2>\t\t\t\t<\/div>\n\t\t\t\t<\/div>\n\t\t\t\t<div class=\"elementor-element elementor-element-6e15edd8 elementor-hidden-mobile elementor-widget elementor-widget-image\" data-id=\"6e15edd8\" data-element_type=\"widget\" data-e-type=\"widget\" data-widget_type=\"image.default\">\n\t\t\t\t<div class=\"elementor-widget-container\">\n\t\t\t\t\t\t\t\t\t\t\t\t\t\t\t<img fetchpriority=\"high\" decoding=\"async\" width=\"1140\" height=\"372\" src=\"https:\/\/www.arcosdorados.com\/pt\/wp-content\/uploads\/sites\/2\/2025\/07\/Banner-FyB-1.jpg\" class=\"attachment-full size-full wp-image-18722\" alt=\"\" \/>\t\t\t\t\t\t\t\t\t\t\t\t\t\t\t<\/div>\n\t\t\t\t<\/div>\n\t\t\t\t<div class=\"elementor-element elementor-element-937fbe6 elementor-hidden-desktop elementor-hidden-tablet elementor-widget elementor-widget-image\" data-id=\"937fbe6\" data-element_type=\"widget\" data-e-type=\"widget\" data-widget_type=\"image.default\">\n\t\t\t\t<div class=\"elementor-widget-container\">\n\t\t\t\t\t\t\t\t\t\t\t\t\t\t\t<img decoding=\"async\" width=\"832\" height=\"468\" src=\"https:\/\/www.arcosdorados.com\/pt\/wp-content\/uploads\/sites\/2\/2025\/07\/FB-1.jpg\" class=\"attachment-full size-full wp-image-18725\" alt=\"\" \/>\t\t\t\t\t\t\t\t\t\t\t\t\t\t\t<\/div>\n\t\t\t\t<\/div>\n\t\t\t\t<div class=\"elementor-element elementor-element-63b7a442 frase elementor-widget elementor-widget-heading\" data-id=\"63b7a442\" data-element_type=\"widget\" data-e-type=\"widget\" data-widget_type=\"heading.default\">\n\t\t\t\t<div class=\"elementor-widget-container\">\n\t\t\t\t\t<h2 class=\"elementor-heading-title elementor-size-default\">Oferecemos uma experi\u00eancia de qualidade para toda a fam\u00edlia com refei\u00e7\u00f5es deliciosas e nutritivas, al\u00e9m de diversas iniciativas que promovem a leitura, o entretenimento e o bem-estar.<\/h2>\t\t\t\t<\/div>\n\t\t\t\t<\/div>\n\t\t\t\t\t<\/div>\n\t\t<\/div>\n\t\t\t\t\t<\/div>\n\t\t<\/section>\n\t\t\t\t<section class=\"elementor-section elementor-top-section elementor-element elementor-element-ee1901f detresados elementor-section-boxed elementor-section-height-default elementor-section-height-default\" data-id=\"ee1901f\" data-element_type=\"section\" data-e-type=\"section\">\n\t\t\t\t\t\t<div class=\"elementor-container elementor-column-gap-default\">\n\t\t\t\t\t<div class=\"elementor-column elementor-col-33 elementor-top-column elementor-element elementor-element-25f66f4d\" data-id=\"25f66f4d\" data-element_type=\"column\" data-e-type=\"column\">\n\t\t\t<div class=\"elementor-widget-wrap elementor-element-populated\">\n\t\t\t\t\t\t<div class=\"elementor-element elementor-element-76c42ad3 elementor-widget elementor-widget-image\" data-id=\"76c42ad3\" data-element_type=\"widget\" data-e-type=\"widget\" data-widget_type=\"image.default\">\n\t\t\t\t<div class=\"elementor-widget-container\">\n\t\t\t\t\t\t\t\t\t\t\t\t\t\t\t<img decoding=\"async\" width=\"900\" height=\"900\" src=\"https:\/\/www.arcosdorados.com\/pt\/wp-content\/uploads\/sites\/2\/2025\/07\/Cajita-Feliz-1-1.jpg\" class=\"attachment-large size-large wp-image-18723\" alt=\"\" \/>\t\t\t\t\t\t\t\t\t\t\t\t\t\t\t<\/div>\n\t\t\t\t<\/div>\n\t\t\t\t<div class=\"elementor-element elementor-element-74b4b517 elementor-widget elementor-widget-heading\" data-id=\"74b4b517\" data-element_type=\"widget\" data-e-type=\"widget\" data-widget_type=\"heading.default\">\n\t\t\t\t<div class=\"elementor-widget-container\">\n\t\t\t\t\t<h3 class=\"elementor-heading-title elementor-size-default\">Cuidamos da nutri\u00e7\u00e3o infantil<\/h3>\t\t\t\t<\/div>\n\t\t\t\t<\/div>\n\t\t\t\t<div class=\"elementor-element elementor-element-11e8ccf2 elementor-widget elementor-widget-text-editor\" data-id=\"11e8ccf2\" data-element_type=\"widget\" data-e-type=\"widget\" data-widget_type=\"text-editor.default\">\n\t\t\t\t<div class=\"elementor-widget-container\">\n\t\t\t\t\t\t\t\t\t<p>Pensando na nutri\u00e7\u00e3o infantil, desenvolvemos o card\u00e1pio do McLanche Feliz com redu\u00e7\u00e3o de gordura, s\u00f3dio e a\u00e7\u00facar, e com uma maior variedade de alimentos. Al\u00e9m disso, 100% da informa\u00e7\u00e3o nutricional est\u00e1 dispon\u00edvel no website do McDonald\u2019s de seu pa\u00eds.<\/p>\t\t\t\t\t\t\t\t<\/div>\n\t\t\t\t<\/div>\n\t\t\t\t<div class=\"elementor-element elementor-element-78e5b6fd elementor-widget elementor-widget-button\" data-id=\"78e5b6fd\" data-element_type=\"widget\" data-e-type=\"widget\" data-widget_type=\"button.default\">\n\t\t\t\t<div class=\"elementor-widget-container\">\n\t\t\t\t\t\t\t\t\t<div class=\"elementor-button-wrapper\">\n\t\t\t\t\t<a class=\"elementor-button elementor-button-link elementor-size-sm\" href=\"https:\/\/www.arcosdorados.com\/pt\/wp-content\/uploads\/sites\/2\/2025\/07\/AD_2024_POR.pdf#page=44\" target=\"_blank\">\n\t\t\t\t\t\t<span class=\"elementor-button-content-wrapper\">\n\t\t\t\t\t\t\t\t\t<span class=\"elementor-button-text\">Saiba mais<\/span>\n\t\t\t\t\t<\/span>\n\t\t\t\t\t<\/a>\n\t\t\t\t<\/div>\n\t\t\t\t\t\t\t\t<\/div>\n\t\t\t\t<\/div>\n\t\t\t\t\t<\/div>\n\t\t<\/div>\n\t\t\t\t<div class=\"elementor-column elementor-col-33 elementor-top-column elementor-element elementor-element-787622cb\" data-id=\"787622cb\" data-element_type=\"column\" data-e-type=\"column\">\n\t\t\t<div class=\"elementor-widget-wrap elementor-element-populated\">\n\t\t\t\t\t\t<div class=\"elementor-element elementor-element-319aa59a elementor-widget elementor-widget-image\" data-id=\"319aa59a\" data-element_type=\"widget\" data-e-type=\"widget\" data-widget_type=\"image.default\">\n\t\t\t\t<div class=\"elementor-widget-container\">\n\t\t\t\t\t\t\t\t\t\t\t\t\t\t\t<img loading=\"lazy\" decoding=\"async\" width=\"900\" height=\"900\" src=\"https:\/\/www.arcosdorados.com\/pt\/wp-content\/uploads\/sites\/2\/2025\/07\/cajita-feliz-libros-1024x1024-2.jpg\" class=\"attachment-large size-large wp-image-18724\" alt=\"\" \/>\t\t\t\t\t\t\t\t\t\t\t\t\t\t\t<\/div>\n\t\t\t\t<\/div>\n\t\t\t\t<div class=\"elementor-element elementor-element-19533eba elementor-widget elementor-widget-heading\" data-id=\"19533eba\" data-element_type=\"widget\" data-e-type=\"widget\" data-widget_type=\"heading.default\">\n\t\t\t\t<div class=\"elementor-widget-container\">\n\t\t\t\t\t<h3 class=\"elementor-heading-title elementor-size-default\">Refor\u00e7amos o nosso compromisso com a democratiza\u00e7\u00e3o da leitura infantil<\/h3>\t\t\t\t<\/div>\n\t\t\t\t<\/div>\n\t\t\t\t<div class=\"elementor-element elementor-element-2ea98b63 elementor-widget elementor-widget-text-editor\" data-id=\"2ea98b63\" data-element_type=\"widget\" data-e-type=\"widget\" data-widget_type=\"text-editor.default\">\n\t\t\t\t<div class=\"elementor-widget-container\">\n\t\t\t\t\t\t\t\t\t<p>Comprometidos com o acesso \u00e0 literatura infantil na Am\u00e9rica Latina, j\u00e1 entregamos mais de 25 milh\u00f5es de livros com o McLanche Feliz, promovendo a criatividade, h\u00e1bitos de leitura e momentos de conex\u00e3o em fam\u00edlia.<\/p>\t\t\t\t\t\t\t\t<\/div>\n\t\t\t\t<\/div>\n\t\t\t\t\t<\/div>\n\t\t<\/div>\n\t\t\t\t<div class=\"elementor-column elementor-col-33 elementor-top-column elementor-element elementor-element-32ab9b27\" data-id=\"32ab9b27\" data-element_type=\"column\" data-e-type=\"column\">\n\t\t\t<div class=\"elementor-widget-wrap elementor-element-populated\">\n\t\t\t\t\t\t<div class=\"elementor-element elementor-element-44942a42 elementor-widget elementor-widget-image\" data-id=\"44942a42\" data-element_type=\"widget\" data-e-type=\"widget\" data-widget_type=\"image.default\">\n\t\t\t\t<div class=\"elementor-widget-container\">\n\t\t\t\t\t\t\t\t\t\t\t\t\t\t\t<img loading=\"lazy\" decoding=\"async\" width=\"900\" height=\"900\" src=\"https:\/\/www.arcosdorados.com\/pt\/wp-content\/uploads\/sites\/2\/2025\/07\/SLIDER-AD-Nuevo-Proposito-2023-MOBILE-1-2-1024x1024-2.jpg\" class=\"attachment-large size-large wp-image-18726\" alt=\"\" \/>\t\t\t\t\t\t\t\t\t\t\t\t\t\t\t<\/div>\n\t\t\t\t<\/div>\n\t\t\t\t<div class=\"elementor-element elementor-element-40a1cd99 elementor-widget elementor-widget-heading\" data-id=\"40a1cd99\" data-element_type=\"widget\" data-e-type=\"widget\" data-widget_type=\"heading.default\">\n\t\t\t\t<div class=\"elementor-widget-container\">\n\t\t\t\t\t<h3 class=\"elementor-heading-title elementor-size-default\">Estamos comprometidos com nossas comunidades<\/h3>\t\t\t\t<\/div>\n\t\t\t\t<\/div>\n\t\t\t\t<div class=\"elementor-element elementor-element-7bd66af1 elementor-widget elementor-widget-text-editor\" data-id=\"7bd66af1\" data-element_type=\"widget\" data-e-type=\"widget\" data-widget_type=\"text-editor.default\">\n\t\t\t\t<div class=\"elementor-widget-container\">\n\t\t\t\t\t\t\t\t\t<p>Por meio do McDia Feliz, nosso maior evento beneficente, apoiamos duas grandes causas. Juntamente com a Casa Ronald McDonald, oferecemos hospitalidade a fam\u00edlias com crian\u00e7as em tratamento m\u00e9dico longe de casa. Al\u00e9m disso, em parceria com ONGs de prest\u00edgio, promovemos treinamento e emprego para jovens, criando oportunidades em toda a regi\u00e3o.<\/p>\t\t\t\t\t\t\t\t<\/div>\n\t\t\t\t<\/div>\n\t\t\t\t<div class=\"elementor-element elementor-element-3d918745 elementor-widget elementor-widget-button\" data-id=\"3d918745\" data-element_type=\"widget\" data-e-type=\"widget\" data-widget_type=\"button.default\">\n\t\t\t\t<div class=\"elementor-widget-container\">\n\t\t\t\t\t\t\t\t\t<div class=\"elementor-button-wrapper\">\n\t\t\t\t\t<a class=\"elementor-button elementor-button-link elementor-size-sm\" href=\"https:\/\/www.arcosdorados.com\/pt\/wp-content\/uploads\/sites\/2\/2025\/07\/AD_2024_POR.pdf#page=56\" target=\"_blank\">\n\t\t\t\t\t\t<span class=\"elementor-button-content-wrapper\">\n\t\t\t\t\t\t\t\t\t<span class=\"elementor-button-text\">Saiba mais<\/span>\n\t\t\t\t\t<\/span>\n\t\t\t\t\t<\/a>\n\t\t\t\t<\/div>\n\t\t\t\t\t\t\t\t<\/div>\n\t\t\t\t<\/div>\n\t\t\t\t\t<\/div>\n\t\t<\/div>\n\t\t\t\t\t<\/div>\n\t\t<\/section>\n\t\t\t\t<section class=\"elementor-section elementor-top-section elementor-element elementor-element-72a42d35 elementor-section-boxed elementor-section-height-default elementor-section-height-default\" data-id=\"72a42d35\" data-element_type=\"section\" data-e-type=\"section\">\n\t\t\t\t\t\t<div class=\"elementor-container elementor-column-gap-default\">\n\t\t\t\t\t<div class=\"elementor-column elementor-col-100 elementor-top-column elementor-element elementor-element-2f8c0f70\" data-id=\"2f8c0f70\" data-element_type=\"column\" data-e-type=\"column\">\n\t\t\t<div class=\"elementor-widget-wrap elementor-element-populated\">\n\t\t\t\t\t\t<div class=\"elementor-element elementor-element-15885487 pilarresaltado elementor-widget elementor-widget-heading\" data-id=\"15885487\" data-element_type=\"widget\" data-e-type=\"widget\" data-widget_type=\"heading.default\">\n\t\t\t\t<div class=\"elementor-widget-container\">\n\t\t\t\t\t<h3 class=\"elementor-heading-title elementor-size-default\">O menu do McLanche Feliz cont\u00e9m<span> menos de 600 calorias<\/span>.<\/h3>\t\t\t\t<\/div>\n\t\t\t\t<\/div>\n\t\t\t\t\t<\/div>\n\t\t<\/div>\n\t\t\t\t\t<\/div>\n\t\t<\/section>\n\t\t\t\t<section class=\"elementor-section elementor-top-section elementor-element elementor-element-13983ec8 elementor-section-boxed elementor-section-height-default elementor-section-height-default\" data-id=\"13983ec8\" data-element_type=\"section\" data-e-type=\"section\">\n\t\t\t\t\t\t<div class=\"elementor-container elementor-column-gap-default\">\n\t\t\t\t\t<div class=\"elementor-column elementor-col-100 elementor-top-column elementor-element elementor-element-79947554\" data-id=\"79947554\" data-element_type=\"column\" data-e-type=\"column\">\n\t\t\t<div class=\"elementor-widget-wrap\">\n\t\t\t\t\t\t\t<\/div>\n\t\t<\/div>\n\t\t\t\t\t<\/div>\n\t\t<\/section>\n\t\t\t\t<\/div>\n\t\t","protected":false},"excerpt":{"rendered":"<p>Fam\u00edlia e bem-estar Oferecemos uma experi\u00eancia de qualidade para toda a fam\u00edlia com refei\u00e7\u00f5es deliciosas e nutritivas, al\u00e9m de diversas iniciativas que promovem a leitura, o entretenimento e o bem-estar. Cuidamos da nutri\u00e7\u00e3o infantil Pensando na nutri\u00e7\u00e3o infantil, desenvolvemos o card\u00e1pio do McLanche Feliz com redu\u00e7\u00e3o de gordura, s\u00f3dio e a\u00e7\u00facar, e com uma maior [&hellip;]<\/p>\n","protected":false},"author":1,"featured_media":0,"parent":18,"menu_order":0,"comment_status":"closed","ping_status":"closed","template":"","meta":{"footnotes":""},"class_list":["post-77","page","type-page","status-publish","hentry"],"_links":{"self":[{"href":"https:\/\/www.arcosdorados.com\/pt\/wp-json\/wp\/v2\/pages\/77","targetHints":{"allow":["GET"]}}],"collection":[{"href":"https:\/\/www.arcosdorados.com\/pt\/wp-json\/wp\/v2\/pages"}],"about":[{"href":"https:\/\/www.arcosdorados.com\/pt\/wp-json\/wp\/v2\/types\/page"}],"author":[{"embeddable":true,"href":"https:\/\/www.arcosdorados.com\/pt\/wp-json\/wp\/v2\/users\/1"}],"replies":[{"embeddable":true,"href":"https:\/\/www.arcosdorados.com\/pt\/wp-json\/wp\/v2\/comments?post=77"}],"version-history":[{"count":7,"href":"https:\/\/www.arcosdorados.com\/pt\/wp-json\/wp\/v2\/pages\/77\/revisions"}],"predecessor-version":[{"id":18729,"href":"https:\/\/www.arcosdorados.com\/pt\/wp-json\/wp\/v2\/pages\/77\/revisions\/18729"}],"up":[{"embeddable":true,"href":"https:\/\/www.arcosdorados.com\/pt\/wp-json\/wp\/v2\/pages\/18"}],"wp:attachment":[{"href":"https:\/\/www.arcosdorados.com\/pt\/wp-json\/wp\/v2\/media?parent=77"}],"curies":[{"name":"wp","href":"https:\/\/api.w.org\/{rel}","templated":true}]}}