{"id":79,"date":"2025-07-21T14:24:34","date_gmt":"2025-07-21T17:24:34","guid":{"rendered":"https:\/\/www.arcosdorados.com\/pt\/?page_id=79"},"modified":"2025-09-11T09:32:40","modified_gmt":"2025-09-11T12:32:40","slug":"diversidade-e-inclusao","status":"publish","type":"page","link":"https:\/\/www.arcosdorados.com\/pt\/receitadofuturo\/diversidade-e-inclusao\/","title":{"rendered":"Diversidade e inclus\u00e3o"},"content":{"rendered":"\t\t<div data-elementor-type=\"wp-page\" data-elementor-id=\"79\" class=\"elementor elementor-79\">\n\t\t\t\t\t\t<section class=\"elementor-section elementor-top-section elementor-element elementor-element-79b52b5a elementor-section-boxed elementor-section-height-default elementor-section-height-default\" data-id=\"79b52b5a\" data-element_type=\"section\" data-e-type=\"section\">\n\t\t\t\t\t\t<div class=\"elementor-container elementor-column-gap-default\">\n\t\t\t\t\t<div class=\"elementor-column elementor-col-100 elementor-top-column elementor-element elementor-element-fcf93f5\" data-id=\"fcf93f5\" data-element_type=\"column\" data-e-type=\"column\">\n\t\t\t<div class=\"elementor-widget-wrap elementor-element-populated\">\n\t\t\t\t\t\t<div class=\"elementor-element elementor-element-2e57a736 titulo2025 elementor-widget elementor-widget-heading\" data-id=\"2e57a736\" data-element_type=\"widget\" data-e-type=\"widget\" data-widget_type=\"heading.default\">\n\t\t\t\t<div class=\"elementor-widget-container\">\n\t\t\t\t\t<h2 class=\"elementor-heading-title elementor-size-default\"><span>Diversidade e inclus\u00e3o<\/span><\/h2>\t\t\t\t<\/div>\n\t\t\t\t<\/div>\n\t\t\t\t<div class=\"elementor-element elementor-element-232876f6 elementor-hidden-mobile elementor-widget elementor-widget-image\" data-id=\"232876f6\" data-element_type=\"widget\" data-e-type=\"widget\" data-widget_type=\"image.default\">\n\t\t\t\t<div class=\"elementor-widget-container\">\n\t\t\t\t\t\t\t\t\t\t\t\t\t\t\t<img fetchpriority=\"high\" decoding=\"async\" width=\"1140\" height=\"372\" src=\"https:\/\/www.arcosdorados.com\/pt\/wp-content\/uploads\/sites\/2\/2025\/07\/diversidad-4.jpg\" class=\"attachment-full size-full wp-image-18741\" alt=\"\" \/>\t\t\t\t\t\t\t\t\t\t\t\t\t\t\t<\/div>\n\t\t\t\t<\/div>\n\t\t\t\t<div class=\"elementor-element elementor-element-71ca6065 elementor-hidden-desktop elementor-hidden-tablet elementor-widget elementor-widget-image\" data-id=\"71ca6065\" data-element_type=\"widget\" data-e-type=\"widget\" data-widget_type=\"image.default\">\n\t\t\t\t<div class=\"elementor-widget-container\">\n\t\t\t\t\t\t\t\t\t\t\t\t\t\t\t<img decoding=\"async\" width=\"832\" height=\"468\" src=\"https:\/\/www.arcosdorados.com\/pt\/wp-content\/uploads\/sites\/2\/2025\/07\/DI-1.jpg\" class=\"attachment-full size-full wp-image-18737\" alt=\"\" \/>\t\t\t\t\t\t\t\t\t\t\t\t\t\t\t<\/div>\n\t\t\t\t<\/div>\n\t\t\t\t<div class=\"elementor-element elementor-element-297f398e frase elementor-widget elementor-widget-heading\" data-id=\"297f398e\" data-element_type=\"widget\" data-e-type=\"widget\" data-widget_type=\"heading.default\">\n\t\t\t\t<div class=\"elementor-widget-container\">\n\t\t\t\t\t<h2 class=\"elementor-heading-title elementor-size-default\">Celebramos a diversidade e promovemos a inclus\u00e3o, desenvolvendo ambientes de trabalho justos, respeitosos e com igualdade de oportunidades.<\/h2>\t\t\t\t<\/div>\n\t\t\t\t<\/div>\n\t\t\t\t\t<\/div>\n\t\t<\/div>\n\t\t\t\t\t<\/div>\n\t\t<\/section>\n\t\t\t\t<section class=\"elementor-section elementor-top-section elementor-element elementor-element-55070eaa elementor-section-boxed elementor-section-height-default elementor-section-height-default\" data-id=\"55070eaa\" data-element_type=\"section\" data-e-type=\"section\">\n\t\t\t\t\t\t<div class=\"elementor-container elementor-column-gap-default\">\n\t\t\t\t\t<div class=\"elementor-column elementor-col-100 elementor-top-column elementor-element elementor-element-1ef71c2d\" data-id=\"1ef71c2d\" data-element_type=\"column\" data-e-type=\"column\">\n\t\t\t<div class=\"elementor-widget-wrap elementor-element-populated\">\n\t\t\t\t\t\t<div class=\"elementor-element elementor-element-445a4e65 elementor-hidden-mobile elementor-widget elementor-widget-html\" data-id=\"445a4e65\" data-element_type=\"widget\" data-e-type=\"widget\" data-widget_type=\"html.default\">\n\t\t\t\t<div class=\"elementor-widget-container\">\n\t\t\t\t\t<section class=\"ejesdiversidad\">\r\n    <section><img decoding=\"async\" src=\"https:\/\/www.arcosdorados.com\/wp-content\/uploads\/2025\/09\/color4.jpg\"><i aria-hidden=\"true\" class=\"fas fa-chevron-right\"><\/i><h3>G\u00eanero<\/h3><\/section>\r\n    <section><img decoding=\"async\" src=\"https:\/\/www.arcosdorados.com\/wp-content\/uploads\/2025\/09\/color3.jpg\"><i aria-hidden=\"true\" class=\"fas fa-chevron-right\"><\/i><h3>Rela\u00e7\u00f5es<br>intergeracionais<\/h3><\/section>\r\n    <section><img decoding=\"async\" src=\"https:\/\/www.arcosdorados.com\/wp-content\/uploads\/2025\/09\/color4.jpg\"><i aria-hidden=\"true\" class=\"fas fa-chevron-right\"><\/i><h3>Diversidade<br>sexual<\/h3><\/section>\r\n   <section><img decoding=\"async\" src=\"https:\/\/www.arcosdorados.com\/wp-content\/uploads\/2025\/09\/color3.jpg\"><i aria-hidden=\"true\" class=\"fas fa-chevron-right\"><\/i><h3>Sa\u00fade e<br>bem-estar<\/h3><\/section>\r\n   <section><img decoding=\"async\" src=\"https:\/\/www.arcosdorados.com\/wp-content\/uploads\/2025\/09\/color4.jpg\"><i aria-hidden=\"true\" class=\"fas fa-chevron-right\"><\/i><h3>Pessoas com<br>defici\u00eancia<\/h3><\/section>\r\n<\/section>\r\n\t\t\t\t<\/div>\n\t\t\t\t<\/div>\n\t\t\t\t<div class=\"elementor-element elementor-element-138b9b72 elementor-hidden-desktop elementor-hidden-tablet elementor-widget elementor-widget-html\" data-id=\"138b9b72\" data-element_type=\"widget\" data-e-type=\"widget\" data-widget_type=\"html.default\">\n\t\t\t\t<div class=\"elementor-widget-container\">\n\t\t\t\t\t<a href=\"#ejesdiversidad\"><section class=\"ejesdiversidad\">\n    <section><img decoding=\"async\" src=\"https:\/\/www.arcosdorados.com\/wp-content\/uploads\/2025\/09\/color4.jpg\"><h3>G\u00eanero<\/h3><\/section>\n    <section><img decoding=\"async\" src=\"https:\/\/www.arcosdorados.com\/wp-content\/uploads\/2025\/09\/color3.jpg\"><h3>Rela\u00e7\u00f5es<br>intergeracionais<\/h3><\/section>\n    <section><img decoding=\"async\" src=\"https:\/\/www.arcosdorados.com\/wp-content\/uploads\/2025\/09\/color4.jpg\"><h3>Diversidade<br>sexual<\/h3><\/section>\n   <section><img decoding=\"async\" src=\"https:\/\/www.arcosdorados.com\/wp-content\/uploads\/2025\/09\/color3.jpg\"><h3>Sa\u00fade e<br>bem-estar<\/h3><\/section>\n   <section><img decoding=\"async\" src=\"https:\/\/www.arcosdorados.com\/wp-content\/uploads\/2025\/09\/color4.jpg\"><h3>Pessoas com<br>defici\u00eancia<\/h3><\/section>\n<\/section><\/a>\t\t\t\t<\/div>\n\t\t\t\t<\/div>\n\t\t\t\t<div class=\"elementor-element elementor-element-54e80833 elementor-widget elementor-widget-menu-anchor\" data-id=\"54e80833\" data-element_type=\"widget\" data-e-type=\"widget\" data-widget_type=\"menu-anchor.default\">\n\t\t\t\t<div class=\"elementor-widget-container\">\n\t\t\t\t\t\t\t<div class=\"elementor-menu-anchor\" id=\"ejesdiversidad\"><\/div>\n\t\t\t\t\t\t<\/div>\n\t\t\t\t<\/div>\n\t\t\t\t\t<\/div>\n\t\t<\/div>\n\t\t\t\t\t<\/div>\n\t\t<\/section>\n\t\t\t\t<section class=\"elementor-section elementor-top-section elementor-element elementor-element-1f77dacc eje1 elementor-section-boxed elementor-section-height-default elementor-section-height-default\" data-id=\"1f77dacc\" data-element_type=\"section\" data-e-type=\"section\">\n\t\t\t\t\t\t<div class=\"elementor-container elementor-column-gap-default\">\n\t\t\t\t\t<div class=\"elementor-column elementor-col-100 elementor-top-column elementor-element elementor-element-334e56ae\" data-id=\"334e56ae\" data-element_type=\"column\" data-e-type=\"column\">\n\t\t\t<div class=\"elementor-widget-wrap elementor-element-populated\">\n\t\t\t\t\t\t<div class=\"elementor-element elementor-element-56c70c73 elementor-widget elementor-widget-image\" data-id=\"56c70c73\" data-element_type=\"widget\" data-e-type=\"widget\" data-widget_type=\"image.default\">\n\t\t\t\t<div class=\"elementor-widget-container\">\n\t\t\t\t\t\t\t\t\t\t\t\t\t\t\t<img decoding=\"async\" width=\"1140\" height=\"372\" src=\"https:\/\/www.arcosdorados.com\/pt\/wp-content\/uploads\/sites\/2\/2025\/07\/genero-1.jpg\" class=\"attachment-full size-full wp-image-18742\" alt=\"\" \/>\t\t\t\t\t\t\t\t\t\t\t\t\t\t\t<\/div>\n\t\t\t\t<\/div>\n\t\t\t\t<div class=\"elementor-element elementor-element-729609aa elementor-widget elementor-widget-text-editor\" data-id=\"729609aa\" data-element_type=\"widget\" data-e-type=\"widget\" data-widget_type=\"text-editor.default\">\n\t\t\t\t<div class=\"elementor-widget-container\">\n\t\t\t\t\t\t\t\t\t<p>Por meio de nossa Rede de Mulheres, composta por funcion\u00e1rias de todos os mercados e de diferentes \u00e1reas, fortalecemos o talento feminino e a igualdade de oportunidades na empresa.<\/p><p>Certifica\u00e7\u00f5es:<\/p><ul><li>Na Col\u00f4mbia, Selo de Equidade de G\u00eanero e Selo de n\u00e3o Discrimina\u00e7\u00e3o.<\/li><li>No Chile, Selo Iguala Concilia\u00e7\u00e3o.<\/li><li>Na Argentina, posi\u00e7\u00e3o n\u00famero 1 no ranking do Great Place to Work para mulheres.<\/li><\/ul><p>Iniciativas da ONU que apoiamos:<\/p><ul><li>Programa Ganhar-Ganhar: a igualdade de g\u00eanero \u00e9 um bom neg\u00f3cio.<\/li><li>Apoiamos os Princ\u00edpios de Empoderamento das Mulheres (WEPs)<\/li><li>Assinamos acordos com o Programa das Na\u00e7\u00f5es Unidas \u201cONU Mulheres\u201d no Brasil, Uruguai, Argentina, Col\u00f4mbia e Venezuela. Em breve incluiremos os demais mercados onde operamos.<\/li><\/ul>\t\t\t\t\t\t\t\t<\/div>\n\t\t\t\t<\/div>\n\t\t\t\t\t<\/div>\n\t\t<\/div>\n\t\t\t\t\t<\/div>\n\t\t<\/section>\n\t\t\t\t<section class=\"elementor-section elementor-top-section elementor-element elementor-element-a7f9164 eje2 elementor-section-boxed elementor-section-height-default elementor-section-height-default\" data-id=\"a7f9164\" data-element_type=\"section\" data-e-type=\"section\">\n\t\t\t\t\t\t<div class=\"elementor-container elementor-column-gap-default\">\n\t\t\t\t\t<div class=\"elementor-column elementor-col-100 elementor-top-column elementor-element elementor-element-48f0e787\" data-id=\"48f0e787\" data-element_type=\"column\" data-e-type=\"column\">\n\t\t\t<div class=\"elementor-widget-wrap elementor-element-populated\">\n\t\t\t\t\t\t<div class=\"elementor-element elementor-element-3660b0b0 elementor-widget elementor-widget-image\" data-id=\"3660b0b0\" data-element_type=\"widget\" data-e-type=\"widget\" data-widget_type=\"image.default\">\n\t\t\t\t<div class=\"elementor-widget-container\">\n\t\t\t\t\t\t\t\t\t\t\t\t\t\t\t<img loading=\"lazy\" decoding=\"async\" width=\"1140\" height=\"372\" src=\"https:\/\/www.arcosdorados.com\/pt\/wp-content\/uploads\/sites\/2\/2025\/07\/relaciones-intergeneracionales-1.jpg\" class=\"attachment-full size-full wp-image-18743\" alt=\"\" \/>\t\t\t\t\t\t\t\t\t\t\t\t\t\t\t<\/div>\n\t\t\t\t<\/div>\n\t\t\t\t<div class=\"elementor-element elementor-element-1e093031 elementor-widget elementor-widget-text-editor\" data-id=\"1e093031\" data-element_type=\"widget\" data-e-type=\"widget\" data-widget_type=\"text-editor.default\">\n\t\t\t\t<div class=\"elementor-widget-container\">\n\t\t\t\t\t\t\t\t\t<p>Promovemos ambientes de trabalho colaborativos em que cada pessoa, com base em sua experi\u00eancia, compartilha seu conhecimento, promovendo o di\u00e1logo e o aprendizado cont\u00ednuo entre os colegas.<\/p><p>Criamos espa\u00e7os de conscientiza\u00e7\u00e3o sobre as diferen\u00e7as geracionais e capacitamos os jovens para assumir pap\u00e9is de lideran\u00e7a e mentoria ao trabalhar com os mais velhos. Al\u00e9m disso, em cada pa\u00eds, nomeamos \u201cEmbaixadores\u201d para organizar sess\u00f5es individuais e para aumentar o engajamento dos colaboradores.<\/p>\t\t\t\t\t\t\t\t<\/div>\n\t\t\t\t<\/div>\n\t\t\t\t\t<\/div>\n\t\t<\/div>\n\t\t\t\t\t<\/div>\n\t\t<\/section>\n\t\t\t\t<section class=\"elementor-section elementor-top-section elementor-element elementor-element-769edc80 eje3 elementor-section-boxed elementor-section-height-default elementor-section-height-default\" data-id=\"769edc80\" data-element_type=\"section\" data-e-type=\"section\">\n\t\t\t\t\t\t<div class=\"elementor-container elementor-column-gap-default\">\n\t\t\t\t\t<div class=\"elementor-column elementor-col-100 elementor-top-column elementor-element elementor-element-4de4f02c\" data-id=\"4de4f02c\" data-element_type=\"column\" data-e-type=\"column\">\n\t\t\t<div class=\"elementor-widget-wrap elementor-element-populated\">\n\t\t\t\t\t\t<div class=\"elementor-element elementor-element-229fabe7 elementor-widget elementor-widget-image\" data-id=\"229fabe7\" data-element_type=\"widget\" data-e-type=\"widget\" data-widget_type=\"image.default\">\n\t\t\t\t<div class=\"elementor-widget-container\">\n\t\t\t\t\t\t\t\t\t\t\t\t\t\t\t<img loading=\"lazy\" decoding=\"async\" width=\"1140\" height=\"372\" src=\"https:\/\/www.arcosdorados.com\/pt\/wp-content\/uploads\/sites\/2\/2025\/07\/diversidad-3-1.jpg\" class=\"attachment-full size-full wp-image-18740\" alt=\"\" \/>\t\t\t\t\t\t\t\t\t\t\t\t\t\t\t<\/div>\n\t\t\t\t<\/div>\n\t\t\t\t<div class=\"elementor-element elementor-element-36a6b7fd elementor-widget elementor-widget-text-editor\" data-id=\"36a6b7fd\" data-element_type=\"widget\" data-e-type=\"widget\" data-widget_type=\"text-editor.default\">\n\t\t\t\t<div class=\"elementor-widget-container\">\n\t\t\t\t\t\t\t\t\t<p>Por meio da nossa Rede Orgulho Arcos fomentamos ambientes de trabalho inclusivos que apoiam o pleno desenvolvimento de todas as pessoas, respeitando sua identidade de g\u00eanero.<\/p><p>A Rede educa e sensibiliza sobre as diversas orienta\u00e7\u00f5es sexuais. Nosso Guia de Diversidade ajuda os colaboradores a compreender a import\u00e2ncia do respeito e a lidar com situa\u00e7\u00f5es de discrimina\u00e7\u00e3o. Leia o Guia\u00a0<a href=\"http:\/\/www.arcosdorados.com\/pt\/wp-content\/uploads\/sites\/2\/2025\/07\/Guia_de_Diversidade_Sexual_ArcosDorados2023.pdf\" target=\"_blank\" rel=\"noopener\">aqui<\/a>.<\/p><p>Entre as nossas iniciativas se encontram os uniformes sem distin\u00e7\u00e3o de g\u00eanero em todos os pa\u00edses e a implementa\u00e7\u00e3o de banheiros individuais (sem g\u00eanero), tanto para clientes quanto para colaboradores.<\/p><p>Algumas das nossas parcerias:<br \/>Pride Connection, F\u00f3rum de Empresas e Direitos LGBTI+ e C\u00e2mara de Com\u00e9rcio e Neg\u00f3cios LGBT do Uruguai.<\/p>\t\t\t\t\t\t\t\t<\/div>\n\t\t\t\t<\/div>\n\t\t\t\t\t<\/div>\n\t\t<\/div>\n\t\t\t\t\t<\/div>\n\t\t<\/section>\n\t\t\t\t<section class=\"elementor-section elementor-top-section elementor-element elementor-element-434bcd73 eje4 elementor-section-boxed elementor-section-height-default elementor-section-height-default\" data-id=\"434bcd73\" data-element_type=\"section\" data-e-type=\"section\">\n\t\t\t\t\t\t<div class=\"elementor-container elementor-column-gap-default\">\n\t\t\t\t\t<div class=\"elementor-column elementor-col-100 elementor-top-column elementor-element elementor-element-195bfd6c\" data-id=\"195bfd6c\" data-element_type=\"column\" data-e-type=\"column\">\n\t\t\t<div class=\"elementor-widget-wrap elementor-element-populated\">\n\t\t\t\t\t\t<div class=\"elementor-element elementor-element-e99cdd8 elementor-widget elementor-widget-image\" data-id=\"e99cdd8\" data-element_type=\"widget\" data-e-type=\"widget\" data-widget_type=\"image.default\">\n\t\t\t\t<div class=\"elementor-widget-container\">\n\t\t\t\t\t\t\t\t\t\t\t\t\t\t\t<img loading=\"lazy\" decoding=\"async\" width=\"1140\" height=\"372\" src=\"https:\/\/www.arcosdorados.com\/pt\/wp-content\/uploads\/sites\/2\/2025\/07\/Salud-y-bienestar-1.jpg\" class=\"attachment-full size-full wp-image-18744\" alt=\"\" \/>\t\t\t\t\t\t\t\t\t\t\t\t\t\t\t<\/div>\n\t\t\t\t<\/div>\n\t\t\t\t<div class=\"elementor-element elementor-element-4dde8323 elementor-widget elementor-widget-text-editor\" data-id=\"4dde8323\" data-element_type=\"widget\" data-e-type=\"widget\" data-widget_type=\"text-editor.default\">\n\t\t\t\t<div class=\"elementor-widget-container\">\n\t\t\t\t\t\t\t\t\t<p>Promovemos o bem-estar integral, dentro e fora do local de trabalho, com foco em quest\u00f5es-chave como atividade f\u00edsica, h\u00e1bitos saud\u00e1veis, exames preventivos e sa\u00fade mental.<\/p><p>Entre algumas de nossas iniciativas, expandimos o servi\u00e7o m\u00e9dico on-line e o suporte psicol\u00f3gico aos funcion\u00e1rios por meio de videochamada ou WhatsApp, incorporamos descontos em academias de gin\u00e1stica, oferecemos cursos focados em bem-estar e sa\u00fade para jovens m\u00e3es durante a gravidez no Brasil e ampliamos o \u201cPrograma Embaixadores do Bem-Estar\u201d.<\/p>\t\t\t\t\t\t\t\t<\/div>\n\t\t\t\t<\/div>\n\t\t\t\t\t<\/div>\n\t\t<\/div>\n\t\t\t\t\t<\/div>\n\t\t<\/section>\n\t\t\t\t<section class=\"elementor-section elementor-top-section elementor-element elementor-element-18adba1c eje5 elementor-section-boxed elementor-section-height-default elementor-section-height-default\" data-id=\"18adba1c\" data-element_type=\"section\" data-e-type=\"section\">\n\t\t\t\t\t\t<div class=\"elementor-container elementor-column-gap-default\">\n\t\t\t\t\t<div class=\"elementor-column elementor-col-100 elementor-top-column elementor-element elementor-element-2de1dd31\" data-id=\"2de1dd31\" data-element_type=\"column\" data-e-type=\"column\">\n\t\t\t<div class=\"elementor-widget-wrap elementor-element-populated\">\n\t\t\t\t\t\t<div class=\"elementor-element elementor-element-669034d1 elementor-widget elementor-widget-image\" data-id=\"669034d1\" data-element_type=\"widget\" data-e-type=\"widget\" data-widget_type=\"image.default\">\n\t\t\t\t<div class=\"elementor-widget-container\">\n\t\t\t\t\t\t\t\t\t\t\t\t\t\t\t<img loading=\"lazy\" decoding=\"async\" width=\"1140\" height=\"372\" src=\"https:\/\/www.arcosdorados.com\/pt\/wp-content\/uploads\/sites\/2\/2025\/07\/discapacidad-1.jpg\" class=\"attachment-full size-full wp-image-18738\" alt=\"\" \/>\t\t\t\t\t\t\t\t\t\t\t\t\t\t\t<\/div>\n\t\t\t\t<\/div>\n\t\t\t\t<div class=\"elementor-element elementor-element-77c6950d elementor-widget elementor-widget-text-editor\" data-id=\"77c6950d\" data-element_type=\"widget\" data-e-type=\"widget\" data-widget_type=\"text-editor.default\">\n\t\t\t\t<div class=\"elementor-widget-container\">\n\t\t\t\t\t\t\t\t\t<p>Promovemos uma cultura de trabalho em equipe e respeitosa, na qual todos t\u00eam as mesmas oportunidades. Trabalhamos em parceria com diferentes organiza\u00e7\u00f5es n\u00e3o governamentais para promover a inclus\u00e3o de pessoas com defici\u00eancia no mercado de trabalho.<\/p><p class=\"x_MsoNormal\"><span lang=\"PT-BR\" data-olk-copy-source=\"MessageBody\">Em v\u00e1rios de nossos restaurantes, contamos com pr\u00e1ticas que facilitam a visita de pessoas com TEA (Transtorno do Espectro Autista) e suas fam\u00edlias ao McDonald\u2019s. O objetivo \u00e9 continuar promovendo a integra\u00e7\u00e3o e a inclus\u00e3o de todas as pessoas, implementando protocolos desenvolvidos em consulta com organiza\u00e7\u00f5es sociais especializadas no tema.<\/span><\/p><p class=\"x_MsoNormal\"><span lang=\"PT-BR\">A iniciativa inclui a capacita\u00e7\u00e3o dos colaboradores que trabalham no restaurante, a disponibilidade de um card\u00e1pio em formato de pictogramas e a prioridade no atendimento, buscando o setor mais adequado do restaurante para que possam aproveitar sua experi\u00eancia.<\/span><\/p><p>Algumas das nossas parcerias:<\/p><p>Funda\u00e7\u00e3o El Tri\u00e1ngulo, Funda\u00e7\u00e3o Arc\u00e1ngeles, Funda\u00e7\u00e3o Discar e Funda\u00e7\u00e3o Coanil.<\/p>\t\t\t\t\t\t\t\t<\/div>\n\t\t\t\t<\/div>\n\t\t\t\t\t<\/div>\n\t\t<\/div>\n\t\t\t\t\t<\/div>\n\t\t<\/section>\n\t\t\t\t<section class=\"elementor-section elementor-top-section elementor-element elementor-element-568c3af4 elementor-section-boxed elementor-section-height-default elementor-section-height-default\" data-id=\"568c3af4\" data-element_type=\"section\" data-e-type=\"section\">\n\t\t\t\t\t\t<div class=\"elementor-container elementor-column-gap-default\">\n\t\t\t\t\t<div class=\"elementor-column elementor-col-100 elementor-top-column elementor-element elementor-element-67f00237\" data-id=\"67f00237\" data-element_type=\"column\" data-e-type=\"column\">\n\t\t\t<div class=\"elementor-widget-wrap elementor-element-populated\">\n\t\t\t\t\t\t<div class=\"elementor-element elementor-element-382065f8 pilarresaltado pilarresaltadoabajono elementor-widget elementor-widget-heading\" data-id=\"382065f8\" data-element_type=\"widget\" data-e-type=\"widget\" data-widget_type=\"heading.default\">\n\t\t\t\t<div class=\"elementor-widget-container\">\n\t\t\t\t\t<h3 class=\"elementor-heading-title elementor-size-default\">Somos pessoas que trabalham para fazer de cada dia uma oportunidade para alimentar pessoas e construir sonhos. Cumpriremos esse prop\u00f3sito com Generosidade, Humildade, Voca\u00e7\u00e3o de Servi\u00e7o, Inclus\u00e3o e Agilidade, fazendo as coisas com simplicidade, juntos e com paix\u00e3o.<\/h3>\t\t\t\t<\/div>\n\t\t\t\t<\/div>\n\t\t\t\t<div class=\"elementor-element elementor-element-1ff4b0a7 elementor-widget elementor-widget-image\" data-id=\"1ff4b0a7\" data-element_type=\"widget\" data-e-type=\"widget\" data-widget_type=\"image.default\">\n\t\t\t\t<div class=\"elementor-widget-container\">\n\t\t\t\t\t\t\t\t\t\t\t\t\t\t\t<img loading=\"lazy\" decoding=\"async\" width=\"1140\" height=\"372\" src=\"https:\/\/www.arcosdorados.com\/pt\/wp-content\/uploads\/sites\/2\/2025\/07\/diversidad-2-1.jpg\" class=\"attachment-full size-full wp-image-18739\" alt=\"\" \/>\t\t\t\t\t\t\t\t\t\t\t\t\t\t\t<\/div>\n\t\t\t\t<\/div>\n\t\t\t\t\t<\/div>\n\t\t<\/div>\n\t\t\t\t\t<\/div>\n\t\t<\/section>\n\t\t\t\t<\/div>\n\t\t","protected":false},"excerpt":{"rendered":"<p>Diversidade e inclus\u00e3o Celebramos a diversidade e promovemos a inclus\u00e3o, desenvolvendo ambientes de trabalho justos, respeitosos e com igualdade de oportunidades. G\u00eanero Rela\u00e7\u00f5esintergeracionais Diversidadesexual Sa\u00fade ebem-estar Pessoas comdefici\u00eancia G\u00eanero Rela\u00e7\u00f5esintergeracionais Diversidadesexual Sa\u00fade ebem-estar Pessoas comdefici\u00eancia Por meio de nossa Rede de Mulheres, composta por funcion\u00e1rias de todos os mercados e de diferentes \u00e1reas, fortalecemos o [&hellip;]<\/p>\n","protected":false},"author":1,"featured_media":0,"parent":18,"menu_order":0,"comment_status":"closed","ping_status":"closed","template":"","meta":{"footnotes":""},"class_list":["post-79","page","type-page","status-publish","hentry"],"_links":{"self":[{"href":"https:\/\/www.arcosdorados.com\/pt\/wp-json\/wp\/v2\/pages\/79","targetHints":{"allow":["GET"]}}],"collection":[{"href":"https:\/\/www.arcosdorados.com\/pt\/wp-json\/wp\/v2\/pages"}],"about":[{"href":"https:\/\/www.arcosdorados.com\/pt\/wp-json\/wp\/v2\/types\/page"}],"author":[{"embeddable":true,"href":"https:\/\/www.arcosdorados.com\/pt\/wp-json\/wp\/v2\/users\/1"}],"replies":[{"embeddable":true,"href":"https:\/\/www.arcosdorados.com\/pt\/wp-json\/wp\/v2\/comments?post=79"}],"version-history":[{"count":16,"href":"https:\/\/www.arcosdorados.com\/pt\/wp-json\/wp\/v2\/pages\/79\/revisions"}],"predecessor-version":[{"id":27392,"href":"https:\/\/www.arcosdorados.com\/pt\/wp-json\/wp\/v2\/pages\/79\/revisions\/27392"}],"up":[{"embeddable":true,"href":"https:\/\/www.arcosdorados.com\/pt\/wp-json\/wp\/v2\/pages\/18"}],"wp:attachment":[{"href":"https:\/\/www.arcosdorados.com\/pt\/wp-json\/wp\/v2\/media?parent=79"}],"curies":[{"name":"wp","href":"https:\/\/api.w.org\/{rel}","templated":true}]}}