{"id":81,"date":"2025-07-21T14:24:47","date_gmt":"2025-07-21T17:24:47","guid":{"rendered":"https:\/\/www.arcosdorados.com\/pt\/?page_id=81"},"modified":"2025-09-12T14:12:26","modified_gmt":"2025-09-12T17:12:26","slug":"cursos-livres","status":"publish","type":"page","link":"https:\/\/www.arcosdorados.com\/pt\/receitadofuturo\/cursos-livres\/","title":{"rendered":"Cursos Livres"},"content":{"rendered":"\t\t<div data-elementor-type=\"wp-page\" data-elementor-id=\"81\" class=\"elementor elementor-81\">\n\t\t\t\t\t\t<section class=\"elementor-section elementor-top-section elementor-element elementor-element-5339dd3f elementor-section-boxed elementor-section-height-default elementor-section-height-default\" data-id=\"5339dd3f\" data-element_type=\"section\" data-e-type=\"section\">\n\t\t\t\t\t\t<div class=\"elementor-container elementor-column-gap-default\">\n\t\t\t\t\t<div class=\"elementor-column elementor-col-100 elementor-top-column elementor-element elementor-element-4db83b09\" data-id=\"4db83b09\" data-element_type=\"column\" data-e-type=\"column\">\n\t\t\t<div class=\"elementor-widget-wrap elementor-element-populated\">\n\t\t\t\t\t\t<div class=\"elementor-element elementor-element-1495000 titulo2025 elementor-widget elementor-widget-heading\" data-id=\"1495000\" data-element_type=\"widget\" data-e-type=\"widget\" data-widget_type=\"heading.default\">\n\t\t\t\t<div class=\"elementor-widget-container\">\n\t\t\t\t\t<h2 class=\"elementor-heading-title elementor-size-default\"><span>Cursos livres e gratuitos<\/span><\/h2>\t\t\t\t<\/div>\n\t\t\t\t<\/div>\n\t\t\t\t<div class=\"elementor-element elementor-element-23eb13d elementor-widget elementor-widget-image\" data-id=\"23eb13d\" data-element_type=\"widget\" data-e-type=\"widget\" data-widget_type=\"image.default\">\n\t\t\t\t<div class=\"elementor-widget-container\">\n\t\t\t\t\t\t\t\t\t\t\t\t\t\t\t<img fetchpriority=\"high\" decoding=\"async\" width=\"2560\" height=\"861\" src=\"https:\/\/www.arcosdorados.com\/pt\/wp-content\/uploads\/sites\/2\/2025\/07\/Slider-Receta_POR-1.png\" class=\"attachment-full size-full wp-image-18756\" alt=\"\" \/>\t\t\t\t\t\t\t\t\t\t\t\t\t\t\t<\/div>\n\t\t\t\t<\/div>\n\t\t\t\t<div class=\"elementor-element elementor-element-1f830626 frase elementor-widget elementor-widget-heading\" data-id=\"1f830626\" data-element_type=\"widget\" data-e-type=\"widget\" data-widget_type=\"heading.default\">\n\t\t\t\t<div class=\"elementor-widget-container\">\n\t\t\t\t\t<h2 class=\"elementor-heading-title elementor-size-default\">Amplie seu desenvolvimento profissional com o nosso podcast e mais de 30 cursos.<\/h2>\t\t\t\t<\/div>\n\t\t\t\t<\/div>\n\t\t\t\t\t<\/div>\n\t\t<\/div>\n\t\t\t\t\t<\/div>\n\t\t<\/section>\n\t\t\t\t<section class=\"elementor-section elementor-top-section elementor-element elementor-element-739a2cf9 elementor-section-boxed elementor-section-height-default elementor-section-height-default\" data-id=\"739a2cf9\" data-element_type=\"section\" data-e-type=\"section\">\n\t\t\t\t\t\t<div class=\"elementor-container elementor-column-gap-default\">\n\t\t\t\t\t<div class=\"elementor-column elementor-col-100 elementor-top-column elementor-element elementor-element-7c756a35\" data-id=\"7c756a35\" data-element_type=\"column\" data-e-type=\"column\">\n\t\t\t<div class=\"elementor-widget-wrap elementor-element-populated\">\n\t\t\t\t\t\t<div class=\"elementor-element elementor-element-513555cd dobleboton elementor-widget elementor-widget-html\" data-id=\"513555cd\" data-element_type=\"widget\" data-e-type=\"widget\" data-widget_type=\"html.default\">\n\t\t\t\t<div class=\"elementor-widget-container\">\n\t\t\t\t\t<a class=\"btn-theme-second\" style=\"background-color: #f18a00 !important; color: white; display: table; margin: 0 auto; font-size: 18px !important\" target=\"_blank\" href=\"https:\/\/mcampuscomunidad.com\/\">Acesse os cursos<\/a> <a class=\"btn-theme-second\" style=\"color: white; display: table; margin: 0 auto; font-size: 18px !important\" target=\"_blank\" href=\"https:\/\/www.youtube.com\/playlist?list=PL3gy4W1sKKJAU2Ey8LtNenTU978xPpm2K\">Escute o podcast<\/a>\n\t\t\t\t<\/div>\n\t\t\t\t<\/div>\n\t\t\t\t<div class=\"elementor-element elementor-element-52948feb elementor-hidden-desktop elementor-hidden-tablet elementor-hidden-mobile elementor-widget elementor-widget-html\" data-id=\"52948feb\" data-element_type=\"widget\" data-e-type=\"widget\" data-widget_type=\"html.default\">\n\t\t\t\t<div class=\"elementor-widget-container\">\n\t\t\t\t\t<a class=\"btn-theme-second\" style=\"color: white; display: table; margin: 0 auto; font-size: 18px !important\" target=\"_blank\" href=\"https:\/\/open.spotify.com\/show\/4agjfARvOFIb0Vko1BlABl\">Accede aqu\u00ed al podcast de MCampus comunidad<\/a>\t\t\t\t<\/div>\n\t\t\t\t<\/div>\n\t\t\t\t<div class=\"elementor-element elementor-element-59a74a07 elementor-hidden-desktop elementor-hidden-tablet elementor-hidden-mobile elementor-widget elementor-widget-html\" data-id=\"59a74a07\" data-element_type=\"widget\" data-e-type=\"widget\" data-widget_type=\"html.default\">\n\t\t\t\t<div class=\"elementor-widget-container\">\n\t\t\t\t\t<a class=\"btn-theme-second\" style=\"color: white; display: table; margin: 0 auto; font-size: 18px !important\" target=\"_blank\" href=\"https:\/\/mcampuscomunidad.com\/\">Accede aqu\u00ed a los cursos gratuitos EN MCampus Comunidad<\/a>\t\t\t\t<\/div>\n\t\t\t\t<\/div>\n\t\t\t\t<div class=\"elementor-element elementor-element-4dff8d78 elementor-widget elementor-widget-html\" data-id=\"4dff8d78\" data-element_type=\"widget\" data-e-type=\"widget\" data-widget_type=\"html.default\">\n\t\t\t\t<div class=\"elementor-widget-container\">\n\t\t\t\t\t<style>\r\n    \r\n<\/style>\r\n<div class=\"container-cl\">\r\n\r\n    <div class=\"item-cl emprendedurismo\">\r\n        \r\n        <div class=\"flechacursos\">\u25bc<\/div>\r\n        <div class=\"item-cl-text\">\r\n            <h2>Primeiros passos no mercado de trabalho<\/h2>\r\n            <div class=\"subrayado\"><\/div>\r\n            <ul>\r\n                <li>Habilidades e aptid\u00f5es profissionais<\/li>\r\n                <li>Expectativas de futuro e metas profissionais<\/li>\r\n                <li>Aprenda a construir um curr\u00edculo impec\u00e1vel<\/li>\r\n                <li>Prepara\u00e7\u00e3o para uma entrevista de emprego<\/li>\r\n                <li>Trabalhe conosco - Programa de Orienta\u00e7\u00e3o Vocacional<\/li>\r\n                <li>Compet\u00eancias para Empregabilidade<\/li>\r\n                <li>Como gerar bons momentos no atendimento ao cliente<\/li>\r\n                <li>Finan\u00e7as pessoais<\/li>\r\n            <\/ul>\r\n        <\/div>\r\n    <\/div>\r\n    \r\n    <div class=\"item-cl inteligencia-emocional\">\r\n        <div class=\"flechacursos\">\u25bc<\/div>\r\n        <div class=\"item-cl-text\">\r\n            <h2>Empreendedorismo e neg\u00f3cios digitais<\/h2>\r\n            <div class=\"subrayado\"><\/div>\r\n            <ul>\r\n                <li>Empreendedorismo<\/li>\r\n                <li>Marketing digital<\/li>\r\n                <li>Negocia\u00e7\u00e3o e influ\u00eancia<\/li>\r\n                <li>Plano de a\u00e7\u00e3o com 5W2H<\/li>\r\n                <li>Negocia\u00e7\u00e3o e influ\u00eancia<\/li>\r\n                <li>Compet\u00eancias para Empregabilidade<\/li>\r\n            <\/ul>\r\n        <\/div>\r\n    <\/div>\r\n\r\n    <div class=\"item-cl finanzas-personales\">     \r\n        <div class=\"flechacursos\">\u25bc<\/div>\r\n        <div class=\"item-cl-text\">\r\n            <h2>Desenvolvimento pessoal e bem-estar<\/h2>\r\n            <div class=\"subrayado\"><\/div>\r\n            <ul>\r\n                <li>Sa\u00fade e bem-estar<\/li>\r\n                <li>Intelig\u00eancia emocional<\/li>\r\n                <li>Lifelong learning<\/li>\r\n                <li>Compet\u00eancias para Empregabilidade<\/li>\r\n            <\/ul>\r\n        <\/div>\r\n    <\/div>\r\n    \r\n    <div class=\"item-cl marketing-digital\">\r\n        <div class=\"flechacursos\">\u25bc<\/div>\r\n        <div class=\"item-cl-text\">\r\n            <h2>Comunica\u00e7\u00e3o e intelig\u00eancia social<\/h2>\r\n            <div class=\"subrayado\"><\/div>\r\n            <ul>\r\n                <li>Intelig\u00eancia emocional<\/li>\r\n                <li>Compet\u00eancias para Empregabilidade<\/li>\r\n                <li>Negocia\u00e7\u00e3o e influ\u00eancia<\/li>\r\n                <li>Vis\u00e3o cliente: o atendimento que todos esperamos<\/li>\r\n            <\/ul>\r\n        <\/div>\r\n    <\/div>\r\n\r\n    <div class=\"item-cl negociacion-e-influencia\">\r\n        <div class=\"flechacursos\">\u25bc<\/div>\r\n        <div class=\"item-cl-text\">\r\n            <h2>Atendimento e experi\u00eancia do cliente<\/h2>\r\n            <div class=\"subrayado\"><\/div>\r\n            <ul>\r\n                <li>Vis\u00e3o cliente: o atendimento que todos esperamos<\/li>\r\n                <li>Como gerar bons momentos no atendimento ao cliente<\/li>\r\n                <li>Compet\u00eancias para Empregabilidade<\/li>\r\n                <li>Negocia\u00e7\u00e3o e influ\u00eancia<\/li>\r\n                <li>Intelig\u00eancia emocional<\/li>\r\n            <\/ul>\r\n        <\/div>\r\n    <\/div>\r\n\r\n    <div class=\"item-cl salud-y-bienestar\">\r\n        <div class=\"flechacursos\">\u25bc<\/div>\r\n        <div class=\"item-cl-text\">\r\n            <h2>Aprendizagem ao longo da vida<\/h2>\r\n            <div class=\"subrayado\"><\/div>\r\n            <ul>\r\n                <li>Lifelong learning<\/li>\r\n                <li>Transforma\u00e7\u00e3o Cultural e Inclus\u00e3o<\/li>\r\n                <li>Plano de a\u00e7\u00e3o com 5W2H<\/li>\r\n                <li>Compet\u00eancias para Empregabilidade<\/li>\r\n            <\/ul>\r\n        <\/div>\r\n    <\/div>\r\n\r\n    <div class=\"item-cl atencion-al-cliente\">\r\n        <div class=\"flechacursos\">\u25bc<\/div>\r\n        <div class=\"item-cl-text\">\r\n            <h2>Inova\u00e7\u00e3o e transforma\u00e7\u00e3o digital<\/h2>\r\n            <div class=\"subrayado\"><\/div>\r\n            <ul>\r\n                <li>Transforma\u00e7\u00e3o digital<\/li>\r\n                <li>Inova\u00e7\u00e3o para resultado<\/li>\r\n                <li>Moonshot Thinking: o m\u00e9todo de inova\u00e7\u00e3o do Google<\/li>\r\n                <li>Compet\u00eancias para Empregabilidade<\/li>\r\n            <\/ul>\r\n        <\/div>\r\n    <\/div>\r\n\r\n    <div class=\"item-cl programa-de-orientacion-vocacional\">\r\n        <div class=\"flechacursos\">\u25bc<\/div>\r\n        <div class=\"item-cl-text\">\r\n            <h2>Seguran\u00e7a e redes de TI<\/h2> \r\n            <ul>\r\n                <li>Gerenciamento de amea\u00e7as cibern\u00e9ticas<\/li>\r\n                <li>Defesa de rede<\/li>\r\n                <li>Seguran\u00e7a de endpoint<\/li>\r\n                <li>Dispositivos de rede e configura\u00e7\u00e3o inicial<\/li>\r\n                <li>Come\u00e7ando com o Cisco Packet Tracer<\/li>\r\n            <\/ul>\r\n        <\/div>\r\n    <\/div>\r\n\r\n    <div class=\"item-cl test-de-orientacion-vocacional\">\r\n        <div class=\"flechacursos\">\u25bc<\/div>\r\n        <div class=\"item-cl-text\">\r\n            <h2>Tecnologia para iniciantes<\/h2>\r\n            <ul>\r\n                <li>Fundamentos do Python 1<\/li>\r\n                <li>Fundamentos do Python 2<\/li>\r\n                <li>Conceitos b\u00e1sicos de redes<\/li>\r\n                <li>Endere\u00e7amento de rede e solu\u00e7\u00e3o b\u00e1sica de problemas<\/li>\r\n                <li>Introdu\u00e7\u00e3o \u00e0 ciberseguran\u00e7a<\/li>\r\n                <li>Transforma\u00e7\u00e3o digital<\/li>\r\n            <\/ul>\r\n        <\/div>\r\n    <\/div>\r\n\r\n    <div class=\"item-cl el-profesional-antifragil\">\r\n        <div class=\"flechacursos\">\u25bc<\/div>\r\n        <div class=\"item-cl-text\">\r\n            <h2>Lideran\u00e7a<\/h2>\r\n            <ul>\r\n                <li>O profissional antifr\u00e1gil - muito al\u00e9m da resili\u00eancia<\/li>\r\n                <li>Transforma\u00e7\u00e3o Cultural e Inclus\u00e3o<\/li>\r\n                <li>Compet\u00eancias para Empregabilidade<\/li>\r\n                <li>Plano de a\u00e7\u00e3o com 5W2H<\/li>\r\n                <li>Negocia\u00e7\u00e3o e influ\u00eancia<\/li>\r\n            <\/ul>\r\n        <\/div>\r\n    <\/div>\r\n<\/div>\r\n\t\t\t\t<\/div>\n\t\t\t\t<\/div>\n\t\t\t\t\t<\/div>\n\t\t<\/div>\n\t\t\t\t\t<\/div>\n\t\t<\/section>\n\t\t\t\t<section class=\"elementor-section elementor-top-section elementor-element elementor-element-ba95aef elementor-section-boxed elementor-section-height-default elementor-section-height-default\" data-id=\"ba95aef\" data-element_type=\"section\" data-e-type=\"section\">\n\t\t\t\t\t\t<div class=\"elementor-container elementor-column-gap-default\">\n\t\t\t\t\t<div class=\"elementor-column elementor-col-100 elementor-top-column elementor-element elementor-element-67a66840\" data-id=\"67a66840\" data-element_type=\"column\" data-e-type=\"column\">\n\t\t\t<div class=\"elementor-widget-wrap elementor-element-populated\">\n\t\t\t\t\t\t<div class=\"elementor-element elementor-element-2451dbf4 pilarresaltado elementor-widget elementor-widget-heading\" data-id=\"2451dbf4\" data-element_type=\"widget\" data-e-type=\"widget\" data-widget_type=\"heading.default\">\n\t\t\t\t<div class=\"elementor-widget-container\">\n\t\t\t\t\t<h3 class=\"elementor-heading-title elementor-size-default\">Os cursos s\u00e3o oferecidos pela Hamburger University, universidade corporativa l\u00edder, em alian\u00e7a com renomados parceiros estrat\u00e9gicos.<\/h3>\t\t\t\t<\/div>\n\t\t\t\t<\/div>\n\t\t\t\t<div class=\"elementor-element elementor-element-6f109c2 elementor-widget elementor-widget-html\" data-id=\"6f109c2\" data-element_type=\"widget\" data-e-type=\"widget\" data-widget_type=\"html.default\">\n\t\t\t\t<div class=\"elementor-widget-container\">\n\t\t\t\t\t<section class=\"alianzascursos\">\n    <img decoding=\"async\" onclick=\"PUM.open(18836); return false;\" class=\"pda\"  src=\"https:\/\/www.arcosdorados.com\/pt\/wp-content\/uploads\/sites\/2\/2025\/07\/PDA.jpg\">\n    <img decoding=\"async\" onclick=\"PUM.open(18838); return false;\" class=\"wadhwani\" src=\"https:\/\/www.arcosdorados.com\/pt\/wp-content\/uploads\/sites\/2\/2025\/07\/WADHWANI.jpg\">\n    <img decoding=\"async\" onclick=\"PUM.open(18834); return false;\" class=\"uol\" src=\"https:\/\/www.arcosdorados.com\/pt\/wp-content\/uploads\/sites\/2\/2025\/07\/UOL.jpg\">\n    <img decoding=\"async\" onclick=\"PUM.open(18832); return false;\" class=\"cisco\" src=\"https:\/\/www.arcosdorados.com\/pt\/wp-content\/uploads\/sites\/2\/2025\/07\/CISCO.jpg\">\n<\/section>\t\t\t\t<\/div>\n\t\t\t\t<\/div>\n\t\t\t\t\t<\/div>\n\t\t<\/div>\n\t\t\t\t\t<\/div>\n\t\t<\/section>\n\t\t\t\t<section class=\"elementor-section elementor-top-section elementor-element elementor-element-63aa6c36 elementor-section-boxed elementor-section-height-default elementor-section-height-default\" data-id=\"63aa6c36\" data-element_type=\"section\" data-e-type=\"section\">\n\t\t\t\t\t\t<div class=\"elementor-container elementor-column-gap-default\">\n\t\t\t\t\t<div class=\"elementor-column elementor-col-100 elementor-top-column elementor-element elementor-element-146be4ee\" data-id=\"146be4ee\" data-element_type=\"column\" data-e-type=\"column\">\n\t\t\t<div class=\"elementor-widget-wrap\">\n\t\t\t\t\t\t\t<\/div>\n\t\t<\/div>\n\t\t\t\t\t<\/div>\n\t\t<\/section>\n\t\t\t\t<\/div>\n\t\t","protected":false},"excerpt":{"rendered":"<p>Cursos livres e gratuitos Amplie seu desenvolvimento profissional com o nosso podcast e mais de 30 cursos. Acesse os cursos Escute o podcast Accede aqu\u00ed al podcast de MCampus comunidad Accede aqu\u00ed a los cursos gratuitos EN MCampus Comunidad \u25bc Primeiros passos no mercado de trabalho Habilidades e aptid\u00f5es profissionais Expectativas de futuro e metas [&hellip;]<\/p>\n","protected":false},"author":1,"featured_media":0,"parent":18,"menu_order":0,"comment_status":"closed","ping_status":"closed","template":"","meta":{"footnotes":""},"class_list":["post-81","page","type-page","status-publish","hentry"],"_links":{"self":[{"href":"https:\/\/www.arcosdorados.com\/pt\/wp-json\/wp\/v2\/pages\/81","targetHints":{"allow":["GET"]}}],"collection":[{"href":"https:\/\/www.arcosdorados.com\/pt\/wp-json\/wp\/v2\/pages"}],"about":[{"href":"https:\/\/www.arcosdorados.com\/pt\/wp-json\/wp\/v2\/types\/page"}],"author":[{"embeddable":true,"href":"https:\/\/www.arcosdorados.com\/pt\/wp-json\/wp\/v2\/users\/1"}],"replies":[{"embeddable":true,"href":"https:\/\/www.arcosdorados.com\/pt\/wp-json\/wp\/v2\/comments?post=81"}],"version-history":[{"count":26,"href":"https:\/\/www.arcosdorados.com\/pt\/wp-json\/wp\/v2\/pages\/81\/revisions"}],"predecessor-version":[{"id":27517,"href":"https:\/\/www.arcosdorados.com\/pt\/wp-json\/wp\/v2\/pages\/81\/revisions\/27517"}],"up":[{"embeddable":true,"href":"https:\/\/www.arcosdorados.com\/pt\/wp-json\/wp\/v2\/pages\/18"}],"wp:attachment":[{"href":"https:\/\/www.arcosdorados.com\/pt\/wp-json\/wp\/v2\/media?parent=81"}],"curies":[{"name":"wp","href":"https:\/\/api.w.org\/{rel}","templated":true}]}}