{"id":83,"date":"2025-07-21T14:24:59","date_gmt":"2025-07-21T17:24:59","guid":{"rendered":"https:\/\/www.arcosdorados.com\/pt\/?page_id=83"},"modified":"2025-09-12T12:53:42","modified_gmt":"2025-09-12T15:53:42","slug":"relatorio-2024","status":"publish","type":"page","link":"https:\/\/www.arcosdorados.com\/pt\/receitadofuturo\/relatorio-2024\/","title":{"rendered":"Relat\u00f3rio 2024"},"content":{"rendered":"\t\t<div data-elementor-type=\"wp-page\" data-elementor-id=\"83\" class=\"elementor elementor-83\">\n\t\t\t\t\t\t<section class=\"elementor-section elementor-top-section elementor-element elementor-element-289fa608 elementor-section-boxed elementor-section-height-default elementor-section-height-default\" data-id=\"289fa608\" data-element_type=\"section\" data-e-type=\"section\">\n\t\t\t\t\t\t<div class=\"elementor-container elementor-column-gap-default\">\n\t\t\t\t\t<div class=\"elementor-column elementor-col-100 elementor-top-column elementor-element elementor-element-1e98fa92\" data-id=\"1e98fa92\" data-element_type=\"column\" data-e-type=\"column\">\n\t\t\t<div class=\"elementor-widget-wrap elementor-element-populated\">\n\t\t\t\t\t\t<div class=\"elementor-element elementor-element-19635bda titulo2025 elementor-widget elementor-widget-heading\" data-id=\"19635bda\" data-element_type=\"widget\" data-e-type=\"widget\" data-widget_type=\"heading.default\">\n\t\t\t\t<div class=\"elementor-widget-container\">\n\t\t\t\t\t<h2 class=\"elementor-heading-title elementor-size-default\"><span>Relat\u00f3rio de Impacto Social e Desenvolvimento Sustent\u00e1vel<\/span><\/h2>\t\t\t\t<\/div>\n\t\t\t\t<\/div>\n\t\t\t\t<div class=\"elementor-element elementor-element-4e3bdac3 elementor-hidden-mobile elementor-widget elementor-widget-image\" data-id=\"4e3bdac3\" data-element_type=\"widget\" data-e-type=\"widget\" data-widget_type=\"image.default\">\n\t\t\t\t<div class=\"elementor-widget-container\">\n\t\t\t\t\t\t\t\t\t\t\t\t\t\t\t<img fetchpriority=\"high\" decoding=\"async\" width=\"1140\" height=\"372\" src=\"https:\/\/www.arcosdorados.com\/pt\/wp-content\/uploads\/sites\/2\/2025\/07\/reporte-1.jpg\" class=\"attachment-full size-full wp-image-18787\" alt=\"\" \/>\t\t\t\t\t\t\t\t\t\t\t\t\t\t\t<\/div>\n\t\t\t\t<\/div>\n\t\t\t\t<div class=\"elementor-element elementor-element-74fd31e3 elementor-hidden-desktop elementor-hidden-tablet elementor-widget elementor-widget-image\" data-id=\"74fd31e3\" data-element_type=\"widget\" data-e-type=\"widget\" data-widget_type=\"image.default\">\n\t\t\t\t<div class=\"elementor-widget-container\">\n\t\t\t\t\t\t\t\t\t\t\t\t\t\t\t<img decoding=\"async\" width=\"1140\" height=\"372\" src=\"https:\/\/www.arcosdorados.com\/pt\/wp-content\/uploads\/sites\/2\/2025\/07\/reporte-2.jpg\" class=\"attachment-full size-full wp-image-18788\" alt=\"\" \/>\t\t\t\t\t\t\t\t\t\t\t\t\t\t\t<\/div>\n\t\t\t\t<\/div>\n\t\t\t\t<div class=\"elementor-element elementor-element-40552288 frase elementor-widget elementor-widget-heading\" data-id=\"40552288\" data-element_type=\"widget\" data-e-type=\"widget\" data-widget_type=\"heading.default\">\n\t\t\t\t<div class=\"elementor-widget-container\">\n\t\t\t\t\t<h2 class=\"elementor-heading-title elementor-size-default\">Convidamos voc\u00ea a conhecer nossas iniciativas anuais para deixar uma marca positiva no planeta.<\/h2>\t\t\t\t<\/div>\n\t\t\t\t<\/div>\n\t\t\t\t<div class=\"elementor-element elementor-element-57a41f3c elementor-widget elementor-widget-html\" data-id=\"57a41f3c\" data-element_type=\"widget\" data-e-type=\"widget\" data-widget_type=\"html.default\">\n\t\t\t\t<div class=\"elementor-widget-container\">\n\t\t\t\t\t<div style=\"text-align: center;\"><a href=\"https:\/\/www.arcosdorados.com\/pt\/wp-content\/uploads\/sites\/2\/2025\/07\/AD_2024_POR.pdf\" target=\"_blank\" class=\"btn-theme-second boton2025\">Baixe o relat\u00f3rio 2024 aqui<\/a><\/div>\n\n<br>\n\n\n\n\n\t\t\t\t<\/div>\n\t\t\t\t<\/div>\n\t\t\t\t<div class=\"elementor-element elementor-element-1c2c8cea closed elementor-widget elementor-widget-accordion\" data-id=\"1c2c8cea\" data-element_type=\"widget\" data-e-type=\"widget\" data-widget_type=\"accordion.default\">\n\t\t\t\t<div class=\"elementor-widget-container\">\n\t\t\t\t\t\t\t<div class=\"elementor-accordion\">\n\t\t\t\t\t\t\t<div class=\"elementor-accordion-item\">\n\t\t\t\t\t<div id=\"elementor-tab-title-4721\" class=\"elementor-tab-title\" data-tab=\"1\" role=\"button\" aria-controls=\"elementor-tab-content-4721\" aria-expanded=\"false\">\n\t\t\t\t\t\t\t\t\t\t\t\t\t<span class=\"elementor-accordion-icon elementor-accordion-icon-left\" aria-hidden=\"true\">\n\t\t\t\t\t\t\t\t\t\t\t\t\t\t\t<span class=\"elementor-accordion-icon-closed\"><svg class=\"e-font-icon-svg e-fas-plus\" viewBox=\"0 0 448 512\" xmlns=\"http:\/\/www.w3.org\/2000\/svg\"><path d=\"M416 208H272V64c0-17.67-14.33-32-32-32h-32c-17.67 0-32 14.33-32 32v144H32c-17.67 0-32 14.33-32 32v32c0 17.67 14.33 32 32 32h144v144c0 17.67 14.33 32 32 32h32c17.67 0 32-14.33 32-32V304h144c17.67 0 32-14.33 32-32v-32c0-17.67-14.33-32-32-32z\"><\/path><\/svg><\/span>\n\t\t\t\t\t\t\t\t<span class=\"elementor-accordion-icon-opened\"><svg class=\"e-font-icon-svg e-fas-minus\" viewBox=\"0 0 448 512\" xmlns=\"http:\/\/www.w3.org\/2000\/svg\"><path d=\"M416 208H32c-17.67 0-32 14.33-32 32v32c0 17.67 14.33 32 32 32h384c17.67 0 32-14.33 32-32v-32c0-17.67-14.33-32-32-32z\"><\/path><\/svg><\/span>\n\t\t\t\t\t\t\t\t\t\t\t\t\t\t<\/span>\n\t\t\t\t\t\t\t\t\t\t\t\t<a class=\"elementor-accordion-title\" tabindex=\"0\">Ver Archivos<\/a>\n\t\t\t\t\t<\/div>\n\t\t\t\t\t<div id=\"elementor-tab-content-4721\" class=\"elementor-tab-content elementor-clearfix\" data-tab=\"1\" role=\"region\" aria-labelledby=\"elementor-tab-title-4721\"><section id=\"annual-archive\">\n<figure class=\"wp-block-table\">\n<table class=\"archivos\">\n<tbody>\n<tr>\n<td>Baixe o relatorio 2023<\/td>\n<td><a href=\"https:\/\/www.arcosdorados.com\/pt\/wp-content\/uploads\/sites\/2\/2025\/07\/AD_2023_POR.pdf\" target=\"_blank\" rel=\"noopener\"><img decoding=\"async\" class=\"wp-image-5101\" style=\"width: 17px;\" src=\"https:\/\/www.arcosdorados.com\/wp-content\/uploads\/2025\/09\/download-amarillo.pnt_.png\" alt=\"\" \/><\/a><\/td>\n<\/tr>\n<tr>\n<td>Baixe o relatorio 2022<\/td>\n<td><a href=\"https:\/\/www.arcosdorados.com\/pt\/wp-content\/uploads\/sites\/2\/2025\/07\/AD_2022_POR.pdf\" target=\"_blank\" rel=\"noopener\"><img decoding=\"async\" class=\"wp-image-5101\" style=\"width: 17px;\" src=\"https:\/\/www.arcosdorados.com\/wp-content\/uploads\/2025\/09\/download-amarillo.pnt_.png\" alt=\"\" \/><\/a><\/td>\n<\/tr>\n<tr>\n<td>Baixe o relatorio 2021<\/td>\n<td><a href=\"https:\/\/www.arcosdorados.com\/pt\/wp-content\/uploads\/sites\/2\/2025\/07\/ReporteESG_2021_pt.pdf\" target=\"_blank\" rel=\"noopener\"><img decoding=\"async\" class=\"wp-image-5101\" style=\"width: 17px;\" src=\"https:\/\/www.arcosdorados.com\/wp-content\/uploads\/2025\/09\/download-amarillo.pnt_.png\" alt=\"\" \/><\/a><\/td>\n<\/tr>\n<tr>\n<td>Baixe o relatorio 2020<\/td>\n<td><a href=\"https:\/\/www.arcosdorados.com\/pt\/wp-content\/uploads\/sites\/2\/2025\/07\/Arcos-Dorados-Relatorio-de-Impacto-Social-e-Desenvolvimento-Sustentavel-2020.pdf\" target=\"_blank\" rel=\"noopener\"><img decoding=\"async\" class=\"wp-image-5101\" style=\"width: 17px;\" src=\"https:\/\/www.arcosdorados.com\/wp-content\/uploads\/2025\/09\/download-amarillo.pnt_.png\" alt=\"\" \/><\/a><\/td>\n<\/tr>\n<tr>\n<td>Baixe o relatorio 2019<\/td>\n<td><a href=\"https:\/\/www.arcosdorados.com\/pt\/wp-content\/uploads\/sites\/2\/2025\/07\/POR-Arcos-Dorados-Reporte-de-Impacto-Social-y-Desarrollo-Sustentable-2019-2.pdf\" target=\"_blank\" rel=\"noopener\"><img decoding=\"async\" class=\"wp-image-5101\" style=\"width: 17px;\" src=\"https:\/\/www.arcosdorados.com\/wp-content\/uploads\/2025\/09\/download-amarillo.pnt_.png\" alt=\"\" \/><\/a><\/td>\n<\/tr>\n<tr>\n<td>Baixe o relatorio 2018<\/td>\n<td><a href=\"https:\/\/www.arcosdorados.com\/pt\/wp-content\/uploads\/sites\/2\/2025\/07\/POR-2018-Arcos-Dorados-Preparando-la-Receta-del-Futuro.pdf\" target=\"_blank\" rel=\"noopener\"><img decoding=\"async\" class=\"wp-image-5101\" style=\"width: 17px;\" src=\"https:\/\/www.arcosdorados.com\/wp-content\/uploads\/2025\/09\/download-amarillo.pnt_.png\" alt=\"\" \/><\/a><\/td>\n<\/tr>\n<tr>\n<td>Baixe o relatorio 2017<\/td>\n<td><a href=\"https:\/\/www.arcosdorados.com\/pt\/wp-content\/uploads\/sites\/2\/2025\/07\/POR-2017-Arcos-Dorados-Preparando-la-Receta-del-Futuro.pdf\" target=\"_blank\" rel=\"noopener\"><img decoding=\"async\" class=\"wp-image-5101\" style=\"width: 17px;\" src=\"https:\/\/www.arcosdorados.com\/wp-content\/uploads\/2025\/09\/download-amarillo.pnt_.png\" alt=\"\" \/><\/a><\/td>\n<\/tr>\n<\/tbody>\n<\/table>\n<\/figure>\n<\/section><\/div>\n\t\t\t\t<\/div>\n\t\t\t\t\t\t\t\t<\/div>\n\t\t\t\t\t\t<\/div>\n\t\t\t\t<\/div>\n\t\t\t\t<div class=\"elementor-element elementor-element-2da95f3d elementor-widget elementor-widget-html\" data-id=\"2da95f3d\" data-element_type=\"widget\" data-e-type=\"widget\" data-widget_type=\"html.default\">\n\t\t\t\t<div class=\"elementor-widget-container\">\n\t\t\t\t\t<script>\r\nvar targetElement = document.querySelector('.elementor-tab-title')\r\n\r\nvar observer = new MutationObserver(function(mutationsList) {\r\n    for (var mutation of mutationsList) {\r\n        if (mutation.type === 'attributes' && mutation.attributeName === 'class') {\r\n            if (targetElement.classList.contains('elementor-active')) {\r\n                document.querySelectorAll('.elementor-tab-title').forEach(function(tab){\r\n                    tab.classList.remove('elementor-active');\r\n                });\r\n                \r\n                document.querySelectorAll('.elementor-tab-content').forEach(function(tab){\r\n                    tab.style.display = 'none';\r\n                });\r\n\r\n                observer.disconnect();\r\n            }\r\n        }\r\n    }\r\n});\r\n\r\nobserver.observe(targetElement, { attributes: true });\r\n<\/script>\t\t\t\t<\/div>\n\t\t\t\t<\/div>\n\t\t\t\t\t<\/div>\n\t\t<\/div>\n\t\t\t\t\t<\/div>\n\t\t<\/section>\n\t\t\t\t<\/div>\n\t\t","protected":false},"excerpt":{"rendered":"<p>Relat\u00f3rio de Impacto Social e Desenvolvimento Sustent\u00e1vel Convidamos voc\u00ea a conhecer nossas iniciativas anuais para deixar uma marca positiva no planeta. Baixe o relat\u00f3rio 2024 aqui Ver Archivos Baixe o relatorio 2023 Baixe o relatorio 2022 Baixe o relatorio 2021 Baixe o relatorio 2020 Baixe o relatorio 2019 Baixe o relatorio 2018 Baixe o relatorio [&hellip;]<\/p>\n","protected":false},"author":1,"featured_media":0,"parent":18,"menu_order":0,"comment_status":"closed","ping_status":"closed","template":"","meta":{"footnotes":""},"class_list":["post-83","page","type-page","status-publish","hentry"],"_links":{"self":[{"href":"https:\/\/www.arcosdorados.com\/pt\/wp-json\/wp\/v2\/pages\/83","targetHints":{"allow":["GET"]}}],"collection":[{"href":"https:\/\/www.arcosdorados.com\/pt\/wp-json\/wp\/v2\/pages"}],"about":[{"href":"https:\/\/www.arcosdorados.com\/pt\/wp-json\/wp\/v2\/types\/page"}],"author":[{"embeddable":true,"href":"https:\/\/www.arcosdorados.com\/pt\/wp-json\/wp\/v2\/users\/1"}],"replies":[{"embeddable":true,"href":"https:\/\/www.arcosdorados.com\/pt\/wp-json\/wp\/v2\/comments?post=83"}],"version-history":[{"count":14,"href":"https:\/\/www.arcosdorados.com\/pt\/wp-json\/wp\/v2\/pages\/83\/revisions"}],"predecessor-version":[{"id":27484,"href":"https:\/\/www.arcosdorados.com\/pt\/wp-json\/wp\/v2\/pages\/83\/revisions\/27484"}],"up":[{"embeddable":true,"href":"https:\/\/www.arcosdorados.com\/pt\/wp-json\/wp\/v2\/pages\/18"}],"wp:attachment":[{"href":"https:\/\/www.arcosdorados.com\/pt\/wp-json\/wp\/v2\/media?parent=83"}],"curies":[{"name":"wp","href":"https:\/\/api.w.org\/{rel}","templated":true}]}}