{"id":85,"date":"2025-07-21T14:25:05","date_gmt":"2025-07-21T17:25:05","guid":{"rendered":"https:\/\/www.arcosdorados.com\/pt\/?page_id=85"},"modified":"2025-09-12T14:29:21","modified_gmt":"2025-09-12T17:29:21","slug":"objetivos-de-desenvolvimento-sustentavel","status":"publish","type":"page","link":"https:\/\/www.arcosdorados.com\/pt\/receitadofuturo\/objetivos-de-desenvolvimento-sustentavel\/","title":{"rendered":"Objetivos de\u00a0Desenvolvimento Sustent\u00e1vel"},"content":{"rendered":"\t\t<div data-elementor-type=\"wp-page\" data-elementor-id=\"85\" class=\"elementor elementor-85\">\n\t\t\t\t\t\t<section class=\"elementor-section elementor-top-section elementor-element elementor-element-2307967a elementor-section-boxed elementor-section-height-default elementor-section-height-default\" data-id=\"2307967a\" data-element_type=\"section\" data-e-type=\"section\">\n\t\t\t\t\t\t<div class=\"elementor-container elementor-column-gap-default\">\n\t\t\t\t\t<div class=\"elementor-column elementor-col-100 elementor-top-column elementor-element elementor-element-aede666\" data-id=\"aede666\" data-element_type=\"column\" data-e-type=\"column\">\n\t\t\t<div class=\"elementor-widget-wrap elementor-element-populated\">\n\t\t\t\t\t\t<div class=\"elementor-element elementor-element-3d3e8df3 titulo2025 elementor-widget elementor-widget-heading\" data-id=\"3d3e8df3\" data-element_type=\"widget\" data-e-type=\"widget\" data-widget_type=\"heading.default\">\n\t\t\t\t<div class=\"elementor-widget-container\">\n\t\t\t\t\t<h2 class=\"elementor-heading-title elementor-size-default\">Objetivos de <span>Desenvolvimento Sustent\u00e1vel<\/span><\/h2>\t\t\t\t<\/div>\n\t\t\t\t<\/div>\n\t\t\t\t<div class=\"elementor-element elementor-element-114af409 elementor-hidden-mobile elementor-widget elementor-widget-image\" data-id=\"114af409\" data-element_type=\"widget\" data-e-type=\"widget\" data-widget_type=\"image.default\">\n\t\t\t\t<div class=\"elementor-widget-container\">\n\t\t\t\t\t\t\t\t\t\t\t\t\t\t\t<img fetchpriority=\"high\" decoding=\"async\" width=\"1140\" height=\"372\" src=\"https:\/\/www.arcosdorados.com\/pt\/wp-content\/uploads\/sites\/2\/2025\/07\/ODS-Banner-1.jpg\" class=\"attachment-full size-full wp-image-18800\" alt=\"\" \/>\t\t\t\t\t\t\t\t\t\t\t\t\t\t\t<\/div>\n\t\t\t\t<\/div>\n\t\t\t\t<div class=\"elementor-element elementor-element-358d3523 elementor-hidden-desktop elementor-hidden-tablet elementor-widget elementor-widget-image\" data-id=\"358d3523\" data-element_type=\"widget\" data-e-type=\"widget\" data-widget_type=\"image.default\">\n\t\t\t\t<div class=\"elementor-widget-container\">\n\t\t\t\t\t\t\t\t\t\t\t\t\t\t\t<img decoding=\"async\" width=\"832\" height=\"468\" src=\"https:\/\/www.arcosdorados.com\/pt\/wp-content\/uploads\/sites\/2\/2025\/07\/ods-monile-1.jpg\" class=\"attachment-full size-full wp-image-18801\" alt=\"\" \/>\t\t\t\t\t\t\t\t\t\t\t\t\t\t\t<\/div>\n\t\t\t\t<\/div>\n\t\t\t\t<div class=\"elementor-element elementor-element-2eb01bc4 frase elementor-widget elementor-widget-heading\" data-id=\"2eb01bc4\" data-element_type=\"widget\" data-e-type=\"widget\" data-widget_type=\"heading.default\">\n\t\t\t\t<div class=\"elementor-widget-container\">\n\t\t\t\t\t<h2 class=\"elementor-heading-title elementor-size-default\">Na Arcos Dorados, contribu\u00edmos para a \"Agenda 2030\" da ONU e os seus 17 Objetivos de Desenvolvimento Sustent\u00e1vel (ODS) para melhorar a vida das pessoas e proteger o planeta.<\/h2>\t\t\t\t<\/div>\n\t\t\t\t<\/div>\n\t\t\t\t<div class=\"elementor-element elementor-element-20ac1c96 elementor-widget elementor-widget-html\" data-id=\"20ac1c96\" data-element_type=\"widget\" data-e-type=\"widget\" data-widget_type=\"html.default\">\n\t\t\t\t<div class=\"elementor-widget-container\">\n\t\t\t\t\t<section class=\"iconosODS2024\">\r\n     <div><div  onclick=\"PUM.open(18858); return false;\"   class=\"wow-modal-id-1\"><\/div><\/div>\r\n    \r\n      <div><div  onclick=\"PUM.open(18856); return false;\"   class=\"wow-modal-id-2\"><\/div><\/div>\r\n        <div><div onclick=\"PUM.open(18846); return false;\"    class=\"wow-modal-id-7\"><\/div><\/div>\r\n    <div><div onclick=\"PUM.open(18840); return false;\"   class=\"wow-modal-id-12\"><\/div><\/div>\r\n    \r\n   \r\n    \r\n      <div><div  onclick=\"PUM.open(18854); return false;\"   class=\"wow-modal-id-3\"><\/div><\/div>\r\n    \r\n   \r\n    <div><div onclick=\"PUM.open(18840); return false;\"   class=\"wow-modal-id-9\"><\/div><\/div>\r\n    \r\n    <div><div  onclick=\"PUM.open(18852); return false;\"   class=\"wow-modal-id-4\"><\/div><\/div>\r\n     <div><div onclick=\"PUM.open(18850); return false;\"    class=\"wow-modal-id-5\"><\/div><\/div>\r\n    \r\n    <div><div  onclick=\"PUM.open(18848); return false;\"   class=\"wow-modal-id-6\"><\/div><\/div>\r\n    \r\n    <div><div onclick=\"PUM.open(18844); return false;\"   class=\"wow-modal-id-10\"><\/div><\/div>\r\n    \r\n   \r\n<\/section>\r\n\r\n\t\t\t\t<\/div>\n\t\t\t\t<\/div>\n\t\t\t\t\t<\/div>\n\t\t<\/div>\n\t\t\t\t\t<\/div>\n\t\t<\/section>\n\t\t\t\t<\/div>\n\t\t","protected":false},"excerpt":{"rendered":"<p>Objetivos de Desenvolvimento Sustent\u00e1vel Na Arcos Dorados, contribu\u00edmos para a &#8220;Agenda 2030&#8221; da ONU e os seus 17 Objetivos de Desenvolvimento Sustent\u00e1vel (ODS) para melhorar a vida das pessoas e proteger o planeta.<\/p>\n","protected":false},"author":1,"featured_media":0,"parent":18,"menu_order":0,"comment_status":"closed","ping_status":"closed","template":"","meta":{"footnotes":""},"class_list":["post-85","page","type-page","status-publish","hentry"],"_links":{"self":[{"href":"https:\/\/www.arcosdorados.com\/pt\/wp-json\/wp\/v2\/pages\/85","targetHints":{"allow":["GET"]}}],"collection":[{"href":"https:\/\/www.arcosdorados.com\/pt\/wp-json\/wp\/v2\/pages"}],"about":[{"href":"https:\/\/www.arcosdorados.com\/pt\/wp-json\/wp\/v2\/types\/page"}],"author":[{"embeddable":true,"href":"https:\/\/www.arcosdorados.com\/pt\/wp-json\/wp\/v2\/users\/1"}],"replies":[{"embeddable":true,"href":"https:\/\/www.arcosdorados.com\/pt\/wp-json\/wp\/v2\/comments?post=85"}],"version-history":[{"count":22,"href":"https:\/\/www.arcosdorados.com\/pt\/wp-json\/wp\/v2\/pages\/85\/revisions"}],"predecessor-version":[{"id":27526,"href":"https:\/\/www.arcosdorados.com\/pt\/wp-json\/wp\/v2\/pages\/85\/revisions\/27526"}],"up":[{"embeddable":true,"href":"https:\/\/www.arcosdorados.com\/pt\/wp-json\/wp\/v2\/pages\/18"}],"wp:attachment":[{"href":"https:\/\/www.arcosdorados.com\/pt\/wp-json\/wp\/v2\/media?parent=85"}],"curies":[{"name":"wp","href":"https:\/\/api.w.org\/{rel}","templated":true}]}}